{"id":169,"date":"2025-08-30T23:35:10","date_gmt":"2025-08-30T23:35:10","guid":{"rendered":"https:\/\/mimyetcompagnie.ca\/?page_id=169"},"modified":"2025-09-05T01:05:44","modified_gmt":"2025-09-05T01:05:44","slug":"poule","status":"publish","type":"page","link":"https:\/\/mimyetcompagnie.ca\/?page_id=169","title":{"rendered":"Service de Nettoyage de Poulailler"},"content":{"rendered":"<div data-colibri-id=\"169-c1\" class=\"style-488 style-local-169-c1 position-relative\">\n  <!---->\n  <div data-colibri-component=\"section\" data-colibri-id=\"169-c2\" id=\"features\" class=\"h-section h-section-global-spacing d-flex align-items-lg-center align-items-md-center align-items-center style-489 style-local-169-c2 position-relative\">\n    <!---->\n    <!---->\n    <div class=\"h-section-grid-container h-section-boxed-container\">\n      <!---->\n      <div data-colibri-id=\"169-c3\" class=\"h-row-container gutters-row-lg-2 gutters-row-md-2 gutters-row-2 gutters-row-v-lg-2 gutters-row-v-md-2 gutters-row-v-2 style-490 style-local-169-c3 position-relative\">\n        <!---->\n        <div class=\"h-row justify-content-lg-center justify-content-md-center justify-content-center align-items-lg-stretch align-items-md-stretch align-items-stretch gutters-col-lg-2 gutters-col-md-2 gutters-col-2 gutters-col-v-lg-2 gutters-col-v-md-2 gutters-col-v-2\">\n          <!---->\n          <div class=\"h-column h-column-container d-flex h-col-lg-6 h-col-md-6 h-col-12 style-491-outer style-local-169-c4-outer\">\n            <div data-colibri-id=\"169-c4\" class=\"d-flex h-flex-basis h-column__inner h-px-lg-0 h-px-md-0 h-px-0 v-inner-lg-0 v-inner-md-0 v-inner-0 style-491 style-local-169-c4 position-relative\">\n              <!---->\n              <!---->\n              <div class=\"w-100 h-y-container h-column__content h-column__v-align flex-basis-100 align-self-lg-start align-self-md-start align-self-start\">\n                <!---->\n                <div data-colibri-id=\"169-c5\" class=\"d-block style-492 style-local-169-c5 position-relative h-element\">\n                  <!---->\n                  <div class=\"h-image__frame-container-outer\">\n                    <div class=\"h-image__frame-container\">\n                      <!---->\n                      <!---->\n                      <img loading=\"lazy\" decoding=\"async\" width=\"1024\" height=\"1024\" src=\"http:\/\/mimyetcompagnie.ca\/wp-content\/uploads\/2025\/09\/poule.png\" class=\"wp-image-632 style-492-image style-local-169-c5-image\" alt=\"\" srcset=\"https:\/\/mimyetcompagnie.ca\/wp-content\/uploads\/2025\/09\/poule.png 1024w, https:\/\/mimyetcompagnie.ca\/wp-content\/uploads\/2025\/09\/poule-300x300.png 300w, https:\/\/mimyetcompagnie.ca\/wp-content\/uploads\/2025\/09\/poule-150x150.png 150w, https:\/\/mimyetcompagnie.ca\/wp-content\/uploads\/2025\/09\/poule-768x768.png 768w\" sizes=\"auto, (max-width: 1024px) 100vw, 1024px\" \/>\n                      <div class=\"h-image__frame h-hide-lg h-hide-md h-hide-sm style-492-frameImage style-local-169-c5-frameImage\"><\/div>\n                    <\/div>\n                  <\/div>\n                <\/div>\n              <\/div>\n            <\/div>\n          <\/div>\n          <div class=\"h-column h-column-container d-flex h-col-lg-6 h-col-md-6 h-col-12 style-503-outer style-local-169-c6-outer\">\n            <div data-colibri-id=\"169-c6\" class=\"d-flex h-flex-basis h-column__inner h-px-lg-2 h-px-md-2 h-px-2 v-inner-lg-2 v-inner-md-2 v-inner-2 style-503 style-local-169-c6 position-relative\">\n              <!---->\n              <!---->\n              <div class=\"w-100 h-y-container h-column__content h-column__v-align flex-basis-100 align-self-lg-start align-self-md-start align-self-start\">\n                <!---->\n                <div data-colibri-id=\"169-c7\" class=\"h-text h-text-component style-504 style-local-169-c7 position-relative h-element\">\n                  <!---->\n                  <!---->\n                  <div class=\"\">\n                    <p>\n                      <br>\n                    <\/p>\n                    <p>Vous avez un petit poulailler (maximum 15 poules) et vous manquez de temps ou de possibilit\u00e9s pour le nettoyer ?<\/p>\n                    <p>Je propose un service de nettoyage de poulailler.<\/p>\n                    <p>J&#8217;utilise des produits non nocifs pour les poules, et vous fournissez la garniture de votre poulailler.<\/p>\n                    <p>\n                      <br>\n                    <\/p>\n                    <p>Mon service inclut \u00e9galement un traitement antiparasitaire naturel appliqu\u00e9 une fois le poulailler nettoy\u00e9.<\/p>\n                    <p>Vos poules seront ravies d&#8217;\u00e9voluer dans un environnement propre et sain.<\/p>\n                    <p>\n                      <br>\n                    <\/p>\n                    <p>\n                      <br>\n                    <\/p>\n                  <\/div>\n                <\/div>\n              <\/div>\n            <\/div>\n          <\/div>\n          <div class=\"h-column h-column-container d-flex h-col-lg-6 h-col-md-6 h-col-12 style-647-outer style-local-169-c8-outer\">\n            <div data-colibri-id=\"169-c8\" class=\"d-flex h-flex-basis h-column__inner h-px-lg-2 h-px-md-2 h-px-2 v-inner-lg-2 v-inner-md-2 v-inner-2 style-647 style-local-169-c8 position-relative\">\n              <!---->\n              <!---->\n              <div class=\"w-100 h-y-container h-column__content h-column__v-align flex-basis-100 align-self-lg-start align-self-md-start align-self-start\">\n                <!---->\n                <div data-colibri-id=\"169-c12\" class=\"h-global-transition-all h-heading style-651 style-local-169-c12 position-relative h-element\">\n                  <!---->\n                  <div class=\"h-heading__outer style-651 style-local-169-c12\">\n                    <!---->\n                    <!---->\n                    <h4 class=\"\">Modalit\u00e9s du service<\/h4>\n                  <\/div>\n                <\/div>\n                <div data-colibri-id=\"169-c13\" class=\"h-text h-text-component style-652 style-local-169-c13 position-relative h-element\">\n                  <!---->\n                  <!---->\n                  <div class=\"\">\n                    <p>\n                      <br>\n                    <\/p>\n                    <p>Nombre de poules pris en charge<\/p>\n                    <p>Le service est offert pour un poulailler comptant jusqu\u2019\u00e0 15 poules. Au-del\u00e0, un ajustement peut \u00eatre propos\u00e9 selon les besoins sp\u00e9cifiques.<\/p>\n                    <p>\n                      <br>\n                    <\/p>\n                    <p>Mimy et Compagnie fournit :<\/p>\n                    <p>&#8211; Des produits de nettoyage doux et s\u00e9curitaires pour les poules&nbsp;&nbsp;<\/p>\n                    <p>&#8211; Tout le mat\u00e9riel n\u00e9cessaire \u00e0 l\u2019entretien du poulailler&nbsp;&nbsp;<\/p>\n                    <p>&#8211; Un antiparasitaire naturel appliqu\u00e9 \u00e0 la fin de chaque nettoyage<\/p>\n                    <p>\n                      <br>\n                    <\/p>\n                    <p>Deux types d\u2019interventions sont propos\u00e9s :<\/p>\n                    <p>&#8211; Petit nettoyage \u2013 1 fois par semaine&nbsp;&nbsp;<\/p>\n                    <p>&nbsp;Retrait des fientes, nettoyage des gamelles, entretien l\u00e9ger du poulailler<\/p>\n                    <p>&#8211; Grand nettoyage \u2013 1 fois par mois&nbsp;&nbsp;<\/p>\n                    <p>&nbsp;Nettoyage complet du poulailler avec remplacement int\u00e9gral de la liti\u00e8re. ***<\/p>\n                    <p>\n                      <br>\n                    <\/p>\n                  <\/div>\n                <\/div>\n              <\/div>\n            <\/div>\n          <\/div>\n          <div class=\"h-column h-column-container d-flex h-col-lg-6 h-col-md-6 h-col-12 style-648-outer style-local-169-c9-outer\">\n            <div data-colibri-id=\"169-c9\" class=\"d-flex h-flex-basis h-column__inner h-px-lg-2 h-px-md-2 h-px-2 v-inner-lg-2 v-inner-md-2 v-inner-2 style-648 style-local-169-c9 position-relative\">\n              <!---->\n              <!---->\n              <div class=\"w-100 h-y-container h-column__content h-column__v-align flex-basis-100 align-self-lg-center align-self-md-center align-self-center\">\n                <!---->\n                <div data-colibri-id=\"169-c10\" class=\"h-x-container style-649 style-local-169-c10 position-relative h-element\">\n                  <!---->\n                  <div class=\"h-x-container-inner style-dynamic-169-c10-group style-649-spacing style-local-169-c10-spacing\"><span class=\"h-link__outer style-650-outer style-local-169-c11-outer d-inline-flex h-element\"><a h-use-smooth-scroll=\"true\" href=\"https:\/\/mimyetcompagnie.ca\/?page_id=660\"  data-colibri-id=\"169-c11\" class=\"d-flex w-100 align-items-center h-link style-650 style-local-169-c11 position-relative\"><!----><!----> <span>Tarifs Nettoyage de Poulailler<\/span><\/a>\n                    <\/span>\n                  <\/div>\n                <\/div>\n              <\/div>\n            <\/div>\n          <\/div>\n        <\/div>\n      <\/div>\n    <\/div>\n  <\/div>\n<\/div>","protected":false},"excerpt":{"rendered":"<p>Vous avez un petit poulailler (maximum 15 poules) et vous manquez de temps ou de possibilit\u00e9s pour le nettoyer ? Je propose un service de nettoyage de poulailler. J&#8217;utilise des produits non nocifs pour les poules, et vous fournissez la garniture de votre poulailler. Mon service inclut \u00e9galement un traitement antiparasitaire naturel appliqu\u00e9 une fois [&hellip;]<\/p>\n","protected":false},"author":1,"featured_media":0,"parent":0,"menu_order":0,"comment_status":"closed","ping_status":"closed","template":"page-templates\/full-width-page.php","meta":{"om_disable_all_campaigns":false,"_monsterinsights_skip_tracking":false,"_monsterinsights_sitenote_active":false,"_monsterinsights_sitenote_note":"","_monsterinsights_sitenote_category":0,"footnotes":""},"class_list":["post-169","page","type-page","status-publish","hentry"],"aioseo_notices":[],"_links":{"self":[{"href":"https:\/\/mimyetcompagnie.ca\/index.php?rest_route=\/wp\/v2\/pages\/169","targetHints":{"allow":["GET"]}}],"collection":[{"href":"https:\/\/mimyetcompagnie.ca\/index.php?rest_route=\/wp\/v2\/pages"}],"about":[{"href":"https:\/\/mimyetcompagnie.ca\/index.php?rest_route=\/wp\/v2\/types\/page"}],"author":[{"embeddable":true,"href":"https:\/\/mimyetcompagnie.ca\/index.php?rest_route=\/wp\/v2\/users\/1"}],"replies":[{"embeddable":true,"href":"https:\/\/mimyetcompagnie.ca\/index.php?rest_route=%2Fwp%2Fv2%2Fcomments&post=169"}],"version-history":[{"count":6,"href":"https:\/\/mimyetcompagnie.ca\/index.php?rest_route=\/wp\/v2\/pages\/169\/revisions"}],"predecessor-version":[{"id":796,"href":"https:\/\/mimyetcompagnie.ca\/index.php?rest_route=\/wp\/v2\/pages\/169\/revisions\/796"}],"wp:attachment":[{"href":"https:\/\/mimyetcompagnie.ca\/index.php?rest_route=%2Fwp%2Fv2%2Fmedia&parent=169"}],"curies":[{"name":"wp","href":"https:\/\/api.w.org\/{rel}","templated":true}]}}