{"id":176,"date":"2025-08-30T23:38:02","date_gmt":"2025-08-30T23:38:02","guid":{"rendered":"https:\/\/mimyetcompagnie.ca\/?page_id=176"},"modified":"2025-09-07T19:42:16","modified_gmt":"2025-09-07T19:42:16","slug":"mimy-noel-box","status":"publish","type":"page","link":"https:\/\/mimyetcompagnie.ca\/?page_id=176","title":{"rendered":"Bo\u00eete de No\u00ebl"},"content":{"rendered":"<div data-colibri-id=\"176-c1\" class=\"style-524 style-local-176-c1 position-relative\">\n  <!---->\n  <div data-colibri-component=\"section\" data-colibri-id=\"176-c2\" id=\"features\" class=\"h-section h-section-global-spacing d-flex align-items-lg-center align-items-md-center align-items-center style-525 style-local-176-c2 position-relative\">\n    <!---->\n    <!---->\n    <div class=\"h-section-grid-container h-section-boxed-container\">\n      <!---->\n      <div data-colibri-id=\"176-c3\" class=\"h-row-container gutters-row-lg-2 gutters-row-md-2 gutters-row-2 gutters-row-v-lg-2 gutters-row-v-md-2 gutters-row-v-2 style-526 style-local-176-c3 position-relative\">\n        <!---->\n        <div class=\"h-row justify-content-lg-center justify-content-md-center justify-content-center align-items-lg-stretch align-items-md-stretch align-items-stretch gutters-col-lg-2 gutters-col-md-2 gutters-col-2 gutters-col-v-lg-2 gutters-col-v-md-2 gutters-col-v-2\">\n          <!---->\n          <div class=\"h-column h-column-container d-flex h-col-lg-6 h-col-md-6 h-col-12 style-527-outer style-local-176-c4-outer\">\n            <div data-colibri-id=\"176-c4\" class=\"d-flex h-flex-basis h-column__inner h-px-lg-0 h-px-md-0 h-px-0 v-inner-lg-0 v-inner-md-0 v-inner-0 style-527 style-local-176-c4 position-relative\">\n              <!---->\n              <!---->\n              <div class=\"w-100 h-y-container h-column__content h-column__v-align flex-basis-100 align-self-lg-center align-self-md-center align-self-center\">\n                <!---->\n                <div data-colibri-id=\"176-c5\" class=\"d-block style-528 style-local-176-c5 position-relative h-element\">\n                  <!---->\n                  <div class=\"h-image__frame-container-outer\">\n                    <div class=\"h-image__frame-container\">\n                      <!---->\n                      <!---->\n                      <img loading=\"lazy\" decoding=\"async\" width=\"1024\" height=\"1024\" src=\"http:\/\/mimyetcompagnie.ca\/wp-content\/uploads\/2025\/09\/1000049738.png\" class=\"wp-image-281 style-528-image style-local-176-c5-image\" alt=\"\" srcset=\"https:\/\/mimyetcompagnie.ca\/wp-content\/uploads\/2025\/09\/1000049738.png 1024w, https:\/\/mimyetcompagnie.ca\/wp-content\/uploads\/2025\/09\/1000049738-300x300.png 300w, https:\/\/mimyetcompagnie.ca\/wp-content\/uploads\/2025\/09\/1000049738-150x150.png 150w, https:\/\/mimyetcompagnie.ca\/wp-content\/uploads\/2025\/09\/1000049738-768x768.png 768w\" sizes=\"auto, (max-width: 1024px) 100vw, 1024px\" \/>\n                      <div class=\"h-image__frame h-hide-lg h-hide-md h-hide-sm style-528-frameImage style-local-176-c5-frameImage\"><\/div>\n                    <\/div>\n                  <\/div>\n                <\/div>\n              <\/div>\n            <\/div>\n          <\/div>\n          <div class=\"h-column h-column-container d-flex h-col-lg-6 h-col-md-6 h-col-12 style-539-outer style-local-176-c6-outer\">\n            <div data-colibri-id=\"176-c6\" class=\"d-flex h-flex-basis h-column__inner h-px-lg-2 h-px-md-2 h-px-2 v-inner-lg-2 v-inner-md-2 v-inner-2 style-539 style-local-176-c6 position-relative\">\n              <!---->\n              <!---->\n              <div class=\"w-100 h-y-container h-column__content h-column__v-align flex-basis-100 align-self-lg-start align-self-md-start align-self-start\">\n                <!---->\n                <div data-colibri-id=\"176-c7\" class=\"h-text h-text-component style-540 style-local-176-c7 position-relative h-element\">\n                  <!---->\n                  <!---->\n                  <div class=\"\">\n                    <p>\n                      <br>\n                    <\/p>\n                    <p>Tu souhaites offrir un cadeau \u00e0 ton chien et ton chat pour No\u00ebl, je suis la !!!<\/p>\n                    <p>\n                      <br>\n                    <\/p>\n                    <p>Je confectionne 3 sortes de bo\u00eetes pour tous les budgets incluant la livraison le 23 d\u00e9cembre.<\/p>\n                    <p>\n                      <br>\n                    <\/p>\n                    <p>La mini bo\u00eete : Petit Lutin&nbsp;<\/p>\n                    <p>&#8211; 1 jouet<\/p>\n                    <p>&#8211; 1 friandise<\/p>\n                    <p>&#8211; 1 accessoire<\/p>\n                    <p>&#8211; 1 surprise pour ton humain<\/p>\n                    <p>\n                      <br>\n                    <\/p>\n                    <p>La bo\u00eete Standard : Neige et croquettes<\/p>\n                    <p>&#8211; 2 jouets<\/p>\n                    <p>&#8211; 2 friandises<\/p>\n                    <p>&#8211; 1 accessoire<\/p>\n                    <p>&#8211; 1 produit de soin<\/p>\n                    <p>&#8211; 1 surprise pour ton humain<\/p>\n                    <p>\n                      <br>\n                    <\/p>\n                    <p>La Bo\u00eete premium : P\u00e8re No\u00ebl&nbsp;<\/p>\n                    <p>&#8211; 3 jouets<\/p>\n                    <p>&#8211; 3 friandises&nbsp;<\/p>\n                    <p>&#8211; 2 accessoires<\/p>\n                    <p>&#8211; 1 produit de soin<\/p>\n                    <p>&#8211; 1 surprise pour ton humain<\/p>\n                    <p>\n                      <br>\n                    <\/p>\n                    <p>\n                      <br>\n                    <\/p>\n                  <\/div>\n                <\/div>\n                <div data-colibri-id=\"176-c12\" class=\"h-x-container style-774 style-local-176-c12 position-relative h-element\">\n                  <!---->\n                  <div class=\"h-x-container-inner style-dynamic-176-c12-group style-774-spacing style-local-176-c12-spacing\"><span class=\"h-link__outer style-775-outer style-local-176-c13-outer d-inline-flex h-element\"><a h-use-smooth-scroll=\"true\" href=\"https:\/\/mimyetcompagnie.ca\/?page_id=1170\"  data-colibri-id=\"176-c13\" class=\"d-flex w-100 align-items-center h-link style-775 style-local-176-c13 position-relative\"><!----><!----> <span>Formulaire de commande<\/span><\/a>\n                    <\/span>\n                  <\/div>\n                <\/div>\n              <\/div>\n            <\/div>\n          <\/div>\n          <div class=\"h-column h-column-container d-flex h-col-lg-6 h-col-md-6 h-col-12 style-761-outer style-local-176-c8-outer\">\n            <div data-colibri-id=\"176-c8\" class=\"d-flex h-flex-basis h-column__inner h-px-lg-2 h-px-md-2 h-px-2 v-inner-lg-2 v-inner-md-2 v-inner-2 style-761 style-local-176-c8 position-relative\">\n              <!---->\n              <!---->\n              <div class=\"w-100 h-y-container h-column__content h-column__v-align flex-basis-100 align-self-lg-start align-self-md-start align-self-start\">\n                <!---->\n                <div data-colibri-id=\"176-c9\" class=\"h-x-container style-762 style-local-176-c9 position-relative h-element\">\n                  <!---->\n                  <div class=\"h-x-container-inner style-dynamic-176-c9-group style-762-spacing style-local-176-c9-spacing\"><span class=\"h-link__outer style-763-outer style-local-176-c10-outer d-inline-flex h-element\"><a h-use-smooth-scroll=\"true\" href=\"https:\/\/mimyetcompagnie.ca\/?page_id=670\"  data-colibri-id=\"176-c10\" class=\"d-flex w-100 align-items-center h-link style-763 style-local-176-c10 position-relative\"><!----><!----> <span>Conditions G\u00e9n\u00e9rales de Vente et Tarifs<\/span><\/a>\n                    <\/span>\n                  <\/div>\n                <\/div>\n              <\/div>\n            <\/div>\n          <\/div>\n        <\/div>\n      <\/div>\n    <\/div>\n  <\/div>\n<\/div>","protected":false},"excerpt":{"rendered":"<p>Tu souhaites offrir un cadeau \u00e0 ton chien et ton chat pour No\u00ebl, je suis la !!! Je confectionne 3 sortes de bo\u00eetes pour tous les budgets incluant la livraison le 23 d\u00e9cembre. La mini bo\u00eete : Petit Lutin&nbsp; &#8211; 1 jouet &#8211; 1 friandise &#8211; 1 accessoire &#8211; 1 surprise pour ton humain La [&hellip;]<\/p>\n","protected":false},"author":1,"featured_media":0,"parent":0,"menu_order":0,"comment_status":"closed","ping_status":"closed","template":"page-templates\/full-width-page.php","meta":{"om_disable_all_campaigns":false,"_monsterinsights_skip_tracking":false,"_monsterinsights_sitenote_active":false,"_monsterinsights_sitenote_note":"","_monsterinsights_sitenote_category":0,"footnotes":""},"class_list":["post-176","page","type-page","status-publish","hentry"],"aioseo_notices":[],"_links":{"self":[{"href":"https:\/\/mimyetcompagnie.ca\/index.php?rest_route=\/wp\/v2\/pages\/176","targetHints":{"allow":["GET"]}}],"collection":[{"href":"https:\/\/mimyetcompagnie.ca\/index.php?rest_route=\/wp\/v2\/pages"}],"about":[{"href":"https:\/\/mimyetcompagnie.ca\/index.php?rest_route=\/wp\/v2\/types\/page"}],"author":[{"embeddable":true,"href":"https:\/\/mimyetcompagnie.ca\/index.php?rest_route=\/wp\/v2\/users\/1"}],"replies":[{"embeddable":true,"href":"https:\/\/mimyetcompagnie.ca\/index.php?rest_route=%2Fwp%2Fv2%2Fcomments&post=176"}],"version-history":[{"count":9,"href":"https:\/\/mimyetcompagnie.ca\/index.php?rest_route=\/wp\/v2\/pages\/176\/revisions"}],"predecessor-version":[{"id":1182,"href":"https:\/\/mimyetcompagnie.ca\/index.php?rest_route=\/wp\/v2\/pages\/176\/revisions\/1182"}],"wp:attachment":[{"href":"https:\/\/mimyetcompagnie.ca\/index.php?rest_route=%2Fwp%2Fv2%2Fmedia&parent=176"}],"curies":[{"name":"wp","href":"https:\/\/api.w.org\/{rel}","templated":true}]}}