{"id":177,"date":"2025-08-30T23:38:02","date_gmt":"2025-08-30T23:38:02","guid":{"rendered":"https:\/\/mimyetcompagnie.ca\/?page_id=177"},"modified":"2025-09-07T18:56:11","modified_gmt":"2025-09-07T18:56:11","slug":"forfait-tout-inclus","status":"publish","type":"page","link":"https:\/\/mimyetcompagnie.ca\/?page_id=177","title":{"rendered":"Forfait tout Inclus"},"content":{"rendered":"<div data-colibri-id=\"177-c1\" class=\"style-505 style-local-177-c1 position-relative\">\n  <!---->\n  <div data-colibri-component=\"section\" data-colibri-id=\"177-c2\" id=\"features\" class=\"h-section h-section-global-spacing d-flex align-items-lg-center align-items-md-center align-items-center style-506 style-local-177-c2 position-relative\">\n    <!---->\n    <!---->\n    <div class=\"h-section-grid-container h-section-boxed-container\">\n      <!---->\n      <div data-colibri-id=\"177-c3\" class=\"h-row-container gutters-row-lg-2 gutters-row-md-2 gutters-row-2 gutters-row-v-lg-2 gutters-row-v-md-2 gutters-row-v-2 style-507 style-local-177-c3 position-relative\">\n        <!---->\n        <div class=\"h-row justify-content-lg-center justify-content-md-center justify-content-center align-items-lg-stretch align-items-md-stretch align-items-stretch gutters-col-lg-2 gutters-col-md-2 gutters-col-2 gutters-col-v-lg-2 gutters-col-v-md-2 gutters-col-v-2\">\n          <!---->\n          <div class=\"h-column h-column-container d-flex h-col-lg-6 h-col-md-6 h-col-12 style-508-outer style-local-177-c4-outer\">\n            <div data-colibri-id=\"177-c4\" class=\"d-flex h-flex-basis h-column__inner h-px-lg-0 h-px-md-0 h-px-0 v-inner-lg-0 v-inner-md-0 v-inner-0 style-508 style-local-177-c4 position-relative\">\n              <!---->\n              <!---->\n              <div class=\"w-100 h-y-container h-column__content h-column__v-align flex-basis-100 align-self-lg-start align-self-md-start align-self-start\">\n                <!---->\n                <div data-colibri-id=\"177-c5\" class=\"d-block style-509 style-local-177-c5 position-relative h-element\">\n                  <!---->\n                  <div class=\"h-image__frame-container-outer\">\n                    <div class=\"h-image__frame-container\">\n                      <!---->\n                      <!---->\n                      <img loading=\"lazy\" decoding=\"async\" width=\"1024\" height=\"1024\" src=\"http:\/\/mimyetcompagnie.ca\/wp-content\/uploads\/2025\/08\/1000049717.png\" class=\"wp-image-109 style-509-image style-local-177-c5-image\" alt=\"\" srcset=\"https:\/\/mimyetcompagnie.ca\/wp-content\/uploads\/2025\/08\/1000049717.png 1024w, https:\/\/mimyetcompagnie.ca\/wp-content\/uploads\/2025\/08\/1000049717-300x300.png 300w, https:\/\/mimyetcompagnie.ca\/wp-content\/uploads\/2025\/08\/1000049717-150x150.png 150w, https:\/\/mimyetcompagnie.ca\/wp-content\/uploads\/2025\/08\/1000049717-768x768.png 768w\" sizes=\"auto, (max-width: 1024px) 100vw, 1024px\" \/>\n                      <div class=\"h-image__frame h-hide-lg h-hide-md h-hide-sm style-509-frameImage style-local-177-c5-frameImage\"><\/div>\n                    <\/div>\n                  <\/div>\n                <\/div>\n              <\/div>\n            <\/div>\n          <\/div>\n          <div class=\"h-column h-column-container d-flex h-col-lg-6 h-col-md-6 h-col-12 style-520-outer style-local-177-c6-outer\">\n            <div data-colibri-id=\"177-c6\" class=\"d-flex h-flex-basis h-column__inner h-px-lg-2 h-px-md-2 h-px-2 v-inner-lg-2 v-inner-md-2 v-inner-2 style-520 style-local-177-c6 position-relative\">\n              <!---->\n              <!---->\n              <div class=\"w-100 h-y-container h-column__content h-column__v-align flex-basis-100 align-self-lg-start align-self-md-start align-self-start\">\n                <!---->\n                <div data-colibri-id=\"177-c7\" class=\"h-text h-text-component style-521 style-local-177-c7 position-relative h-element\">\n                  <!---->\n                  <!---->\n                  <div class=\"\">\n                    <p>\n                      <br>\n                    <\/p>\n                    <p><span>Vous n&#8217;avez pas le temps ou des difficult\u00e9s \u00e0 effectuer certaines t\u00e2ches pour votre animal.<\/span><\/p>\n                    <p><span><br><\/span><\/p>\n                    <p><span>Je vous offre le forfait tout inclus.<\/span><\/p>\n                    <p><span>Ce forfait permet de vous soulager&nbsp;en nettoyant compl\u00e8tement l&#8217;espace de votre animal (liltiere, cage, espace dodo&#8230;), brosser, jouer, aller \u00e0 l&#8217;\u00e9picerie pour votre animal &#8230; Nous allons d\u00e9terminer ensemble vos besoins.<\/span><\/p>\n                    <p>\n                      <br>\n                    <\/p>\n                    <p>Ce forfait tout inclus est d&#8217;une dur\u00e9e de 1h ou 1h30.<\/p>\n                    <p>\n                      <br>\n                    <\/p>\n                  <\/div>\n                <\/div>\n              <\/div>\n            <\/div>\n          <\/div>\n          <div class=\"h-column h-column-container d-flex h-col-lg-6 h-col-md-6 h-col-12 style-705-outer style-local-177-c8-outer\">\n            <div data-colibri-id=\"177-c8\" class=\"d-flex h-flex-basis h-column__inner h-px-lg-2 h-px-md-2 h-px-2 v-inner-lg-2 v-inner-md-2 v-inner-2 style-705 style-local-177-c8 position-relative\">\n              <!---->\n              <!---->\n              <div class=\"w-100 h-y-container h-column__content h-column__v-align flex-basis-100 align-self-lg-start align-self-md-start align-self-start\">\n                <!---->\n                <div data-colibri-id=\"177-c9\" class=\"h-global-transition-all h-heading style-709 style-local-177-c9 position-relative h-element\">\n                  <!---->\n                  <div class=\"h-heading__outer style-709 style-local-177-c9\">\n                    <!---->\n                    <!---->\n                    <h4 class=\"\">Modalit\u00e9s du service<\/h4>\n                  <\/div>\n                <\/div>\n                <div data-colibri-id=\"177-c10\" class=\"h-text h-text-component style-710 style-local-177-c10 position-relative h-element\">\n                  <!---->\n                  <!---->\n                  <div class=\"\">\n                    <p>Un service complet et personnalis\u00e9 pour prendre soin de vos animaux, selon vos besoins et votre rythme.<\/p>\n                    <p>\n                      <br>\n                    <\/p>\n                    <p>&nbsp;Ce que le service peut inclure :<\/p>\n                    <p>&#8211; Sortie ou promenade de votre chien&nbsp;&nbsp;<\/p>\n                    <p>&#8211; Nettoyage de la cage du lapin ou autre animal&nbsp;<\/p>\n                    <p>&#8211; Nettoyage de la liti\u00e8re du chat&nbsp;&nbsp;<\/p>\n                    <p>&#8211; Petits achats pour votre animal (si l\u2019\u00e9picerie est \u00e0 proximit\u00e9)&nbsp;&nbsp;<\/p>\n                    <p>&#8211; Lavage de votre chien (selon les conditions et le mat\u00e9riel disponible)<\/p>\n                    <p>etc&#8230;<\/p>\n                    <p>&nbsp;La dur\u00e9e du service est d\u00e9termin\u00e9e ensemble : 1h ou 1h30, selon les t\u00e2ches \u00e0 effectuer. Je vous conseille honn\u00eatement sur ce qui est r\u00e9aliste dans le temps imparti.<\/p>\n                    <p>\n                      <br>\n                    <\/p>\n                    <p>&nbsp;Fr\u00e9quence au choix :<\/p>\n                    <p>&#8211; Chaque semaine&nbsp;&nbsp;<\/p>\n                    <p>&#8211; Toutes les deux semaines&nbsp;&nbsp;<\/p>\n                    <p>&#8211; Une fois par mois<\/p>\n                    <p>\n                      <br>\n                    <\/p>\n                    <p>&nbsp;Option service de&nbsp;Livraison&nbsp;<\/p>\n                    <p>Si vous avez besoin de produits sp\u00e9cifiques en animalerie, vous pouvez ajouter le service de livraison :<\/p>\n                    <p>&#8211; Tarif r\u00e9duit : 10 $ au lieu de 15 $&nbsp;&nbsp;<\/p>\n                    <p>&#8211; Livraison effectu\u00e9e le jour du service tout inclus. Voir les modalit\u00e9s dans l&#8217;onglet : service de livraison&nbsp;<\/p>\n                    <p>\n                      <br>\n                    <\/p>\n                    <p>Ce service est con\u00e7u pour vous simplifier la vie tout en assurant le bien-\u00eatre de vos compagnons. On discute ensemble de vos besoins, et je m\u2019adapte avec plaisir<\/p>\n                    <p>\n                      <br>\n                    <\/p>\n                  <\/div>\n                <\/div>\n              <\/div>\n            <\/div>\n          <\/div>\n          <div class=\"h-column h-column-container d-flex h-col-lg-6 h-col-md-6 h-col-12 style-706-outer style-local-177-c11-outer\">\n            <div data-colibri-id=\"177-c11\" class=\"d-flex h-flex-basis h-column__inner h-px-lg-2 h-px-md-2 h-px-2 v-inner-lg-2 v-inner-md-2 v-inner-2 style-706 style-local-177-c11 position-relative\">\n              <!---->\n              <!---->\n              <div class=\"w-100 h-y-container h-column__content h-column__v-align flex-basis-100 align-self-lg-center align-self-md-center align-self-center\">\n                <!---->\n                <div data-colibri-id=\"177-c12\" class=\"h-x-container style-707 style-local-177-c12 position-relative h-element\">\n                  <!---->\n                  <div class=\"h-x-container-inner style-dynamic-177-c12-group style-707-spacing style-local-177-c12-spacing\"><span class=\"h-link__outer style-708-outer style-local-177-c13-outer d-inline-flex h-element\"><a h-use-smooth-scroll=\"true\" href=\"https:\/\/mimyetcompagnie.ca\/?page_id=662\"  data-colibri-id=\"177-c13\" class=\"d-flex w-100 align-items-center h-link style-708 style-local-177-c13 position-relative\"><!----><!----> <span>Tarifs Service Tout Inclus<\/span><\/a>\n                    <\/span>\n                  <\/div>\n                <\/div>\n              <\/div>\n            <\/div>\n          <\/div>\n        <\/div>\n      <\/div>\n    <\/div>\n  <\/div>\n<\/div>","protected":false},"excerpt":{"rendered":"<p>Vous n&#8217;avez pas le temps ou des difficult\u00e9s \u00e0 effectuer certaines t\u00e2ches pour votre animal. Je vous offre le forfait tout inclus. Ce forfait permet de vous soulager&nbsp;en nettoyant compl\u00e8tement l&#8217;espace de votre animal (liltiere, cage, espace dodo&#8230;), brosser, jouer, aller \u00e0 l&#8217;\u00e9picerie pour votre animal &#8230; Nous allons d\u00e9terminer ensemble vos besoins. Ce forfait [&hellip;]<\/p>\n","protected":false},"author":1,"featured_media":0,"parent":0,"menu_order":0,"comment_status":"closed","ping_status":"closed","template":"page-templates\/full-width-page.php","meta":{"om_disable_all_campaigns":false,"_monsterinsights_skip_tracking":false,"_monsterinsights_sitenote_active":false,"_monsterinsights_sitenote_note":"","_monsterinsights_sitenote_category":0,"footnotes":""},"class_list":["post-177","page","type-page","status-publish","hentry"],"aioseo_notices":[],"_links":{"self":[{"href":"https:\/\/mimyetcompagnie.ca\/index.php?rest_route=\/wp\/v2\/pages\/177","targetHints":{"allow":["GET"]}}],"collection":[{"href":"https:\/\/mimyetcompagnie.ca\/index.php?rest_route=\/wp\/v2\/pages"}],"about":[{"href":"https:\/\/mimyetcompagnie.ca\/index.php?rest_route=\/wp\/v2\/types\/page"}],"author":[{"embeddable":true,"href":"https:\/\/mimyetcompagnie.ca\/index.php?rest_route=\/wp\/v2\/users\/1"}],"replies":[{"embeddable":true,"href":"https:\/\/mimyetcompagnie.ca\/index.php?rest_route=%2Fwp%2Fv2%2Fcomments&post=177"}],"version-history":[{"count":5,"href":"https:\/\/mimyetcompagnie.ca\/index.php?rest_route=\/wp\/v2\/pages\/177\/revisions"}],"predecessor-version":[{"id":1048,"href":"https:\/\/mimyetcompagnie.ca\/index.php?rest_route=\/wp\/v2\/pages\/177\/revisions\/1048"}],"wp:attachment":[{"href":"https:\/\/mimyetcompagnie.ca\/index.php?rest_route=%2Fwp%2Fv2%2Fmedia&parent=177"}],"curies":[{"name":"wp","href":"https:\/\/api.w.org\/{rel}","templated":true}]}}