{"id":322,"date":"2025-09-01T01:02:19","date_gmt":"2025-09-01T01:02:19","guid":{"rendered":"https:\/\/mimyetcompagnie.ca\/?page_id=322"},"modified":"2025-09-05T00:46:07","modified_gmt":"2025-09-05T00:46:07","slug":"promenade-de-chien","status":"publish","type":"page","link":"https:\/\/mimyetcompagnie.ca\/?page_id=322","title":{"rendered":"Promenade de Chien"},"content":{"rendered":"<div data-colibri-id=\"322-c1\" class=\"style-435 style-local-322-c1 position-relative\">\n  <!---->\n  <div data-colibri-component=\"section\" data-colibri-id=\"322-c2\" id=\"features\" class=\"h-section h-section-global-spacing d-flex align-items-lg-center align-items-md-center align-items-center style-436 style-local-322-c2 position-relative\">\n    <!---->\n    <!---->\n    <div class=\"h-section-grid-container h-section-boxed-container\">\n      <!---->\n      <div data-colibri-id=\"322-c3\" class=\"h-row-container gutters-row-lg-2 gutters-row-md-2 gutters-row-2 gutters-row-v-lg-2 gutters-row-v-md-2 gutters-row-v-2 style-437 style-local-322-c3 position-relative\">\n        <!---->\n        <div class=\"h-row justify-content-lg-center justify-content-md-center justify-content-center align-items-lg-stretch align-items-md-stretch align-items-stretch gutters-col-lg-2 gutters-col-md-2 gutters-col-2 gutters-col-v-lg-2 gutters-col-v-md-2 gutters-col-v-2\">\n          <!---->\n          <div class=\"h-column h-column-container d-flex h-col-lg-6 h-col-md-6 h-col-12 style-438-outer style-local-322-c4-outer\">\n            <div data-colibri-id=\"322-c4\" class=\"d-flex h-flex-basis h-column__inner h-px-lg-0 h-px-md-0 h-px-0 v-inner-lg-0 v-inner-md-0 v-inner-0 style-438 style-local-322-c4 position-relative\">\n              <!---->\n              <!---->\n              <div class=\"w-100 h-y-container h-column__content h-column__v-align flex-basis-100 align-self-lg-start align-self-md-start align-self-start\">\n                <!---->\n                <div data-colibri-id=\"322-c5\" class=\"d-block style-439 style-local-322-c5 position-relative h-element\">\n                  <!---->\n                  <div class=\"h-image__frame-container-outer\">\n                    <div class=\"h-image__frame-container\">\n                      <!---->\n                      <!---->\n                      <img loading=\"lazy\" decoding=\"async\" width=\"1024\" height=\"1024\" src=\"http:\/\/mimyetcompagnie.ca\/wp-content\/uploads\/2025\/09\/1000049735.png\" class=\"wp-image-299 style-439-image style-local-322-c5-image\" alt=\"\" srcset=\"https:\/\/mimyetcompagnie.ca\/wp-content\/uploads\/2025\/09\/1000049735.png 1024w, https:\/\/mimyetcompagnie.ca\/wp-content\/uploads\/2025\/09\/1000049735-300x300.png 300w, https:\/\/mimyetcompagnie.ca\/wp-content\/uploads\/2025\/09\/1000049735-150x150.png 150w, https:\/\/mimyetcompagnie.ca\/wp-content\/uploads\/2025\/09\/1000049735-768x768.png 768w\" sizes=\"auto, (max-width: 1024px) 100vw, 1024px\" \/>\n                      <div class=\"h-image__frame h-hide-lg h-hide-md h-hide-sm style-439-frameImage style-local-322-c5-frameImage\"><\/div>\n                    <\/div>\n                  <\/div>\n                <\/div>\n              <\/div>\n            <\/div>\n          <\/div>\n          <div class=\"h-column h-column-container d-flex h-col-lg-6 h-col-md-6 h-col-12 style-450-outer style-local-322-c6-outer\">\n            <div data-colibri-id=\"322-c6\" class=\"d-flex h-flex-basis h-column__inner h-px-lg-2 h-px-md-2 h-px-2 v-inner-lg-2 v-inner-md-2 v-inner-2 style-450 style-local-322-c6 position-relative\">\n              <!---->\n              <!---->\n              <div class=\"w-100 h-y-container h-column__content h-column__v-align flex-basis-100 align-self-lg-start align-self-md-start align-self-start\">\n                <!---->\n                <div data-colibri-id=\"322-c7\" class=\"h-text h-text-component style-451 style-local-322-c7 position-relative h-element\">\n                  <!---->\n                  <!---->\n                  <div class=\"\">\n                    <p>\n                      <br>\n                    <\/p>\n                    <p><span>Vous laissez votre chien seul toute la journ\u00e9e et vous aimeriez qu&#8217;il se prom\u00e8ne ou qu&#8217;il sorte dans votre jardin pour faire ses besoins.<\/span><\/p>\n                    <p><span><br><\/span><\/p>\n                    <p><span>J&#8217;offre le service de promenade de chien.<\/span><\/p>\n                    <p><span><br><\/span><\/p>\n                    <p><span>La promenade se fait dans le secteur de votre habitation et d&#8217;une dur\u00e9e de 30 min.<\/span><\/p>\n                    <p><span><br><\/span><\/p>\n                    <p><span>Ou si vous souhaitez juste qu&#8217;il sorte dans votre jardin, je reste avec lui pendant 30 min.<\/span><\/p>\n                    <p>\n                      <br>\n                    <\/p>\n                    <p>**Service offert uniquement le mercredi en journ\u00e9e pour le moment, d&#8217;autres jours seront propos\u00e9s en fonction du nombre de demande**<\/p>\n                    <p>\n                      <br>\n                    <\/p>\n                  <\/div>\n                <\/div>\n              <\/div>\n            <\/div>\n          <\/div>\n          <div class=\"h-column h-column-container d-flex h-col-lg-6 h-col-md-6 h-col-12 style-635-outer style-local-322-c8-outer\">\n            <div data-colibri-id=\"322-c8\" class=\"d-flex h-flex-basis h-column__inner h-px-lg-2 h-px-md-2 h-px-2 v-inner-lg-2 v-inner-md-2 v-inner-2 style-635 style-local-322-c8 position-relative\">\n              <!---->\n              <!---->\n              <div class=\"w-100 h-y-container h-column__content h-column__v-align flex-basis-100 align-self-lg-start align-self-md-start align-self-start\">\n                <!---->\n                <div data-colibri-id=\"322-c10\" class=\"h-global-transition-all h-heading style-637 style-local-322-c10 position-relative h-element\">\n                  <!---->\n                  <div class=\"h-heading__outer style-637 style-local-322-c10\">\n                    <!---->\n                    <!---->\n                    <h4 class=\"\">Modalit\u00e9s du service<\/h4>\n                  <\/div>\n                <\/div>\n                <div data-colibri-id=\"322-c11\" class=\"h-text h-text-component style-638 style-local-322-c11 position-relative h-element\">\n                  <!---->\n                  <!---->\n                  <div class=\"\">\n                    <p>&#8211; Les promenades durent 30 minutes et peuvent inclure jusqu\u2019\u00e0 deux chiens, selon leur taille et leur comportement.<\/p>\n                    <p>&#8211; Pour des raisons de s\u00e9curit\u00e9, je ne prends en charge que les chiens calmes, sociables et non agressifs envers les humains ou leurs cong\u00e9n\u00e8res.<\/p>\n                    <p>&#8211; Je ne peux pas promener les chiens trop lourds ou qui tirent fortement sur la laisse, afin d\u2019assurer ma s\u00e9curit\u00e9 et celle des autres.<\/p>\n                    <p>&#8211; Si les conditions ne sont pas optimales (comportement du chien, etc.), je me r\u00e9serve le droit d\u2019annuler la promenade.<\/p>\n                    <p>&#8211; Il est \u00e9galement possible d\u2019opter pour une sortie dans votre jardin, afin que votre chien puisse se d\u00e9gourdir les pattes et faire ses besoins. Je reste pr\u00e9sente pendant les 30 minutes, comme pour une promenade classique.<\/p>\n                    <p>&#8211; Le tarif est identique pour les deux types de prestations.<\/p>\n                    <p>\n                      <br>\n                    <\/p>\n                  <\/div>\n                <\/div>\n              <\/div>\n            <\/div>\n          <\/div>\n          <div class=\"h-column h-column-container d-flex h-col-lg-6 h-col-md-6 h-col-12 style-636-outer style-local-322-c9-outer\">\n            <div data-colibri-id=\"322-c9\" class=\"d-flex h-flex-basis h-column__inner h-px-lg-2 h-px-md-2 h-px-2 v-inner-lg-2 v-inner-md-2 v-inner-2 style-636 style-local-322-c9 position-relative\">\n              <!---->\n              <!---->\n              <div class=\"w-100 h-y-container h-column__content h-column__v-align flex-basis-100 align-self-lg-center align-self-md-center align-self-center\">\n                <!---->\n                <div data-colibri-id=\"322-c12\" class=\"h-x-container style-639 style-local-322-c12 position-relative h-element\">\n                  <!---->\n                  <div class=\"h-x-container-inner style-dynamic-322-c12-group style-639-spacing style-local-322-c12-spacing\"><span class=\"h-link__outer style-640-outer style-local-322-c13-outer d-inline-flex h-element\"><a h-use-smooth-scroll=\"true\" href=\"https:\/\/mimyetcompagnie.ca\/?page_id=664\"  data-colibri-id=\"322-c13\" class=\"d-flex w-100 align-items-center h-link style-640 style-local-322-c13 position-relative\"><!----><!----> <span>Tarifs Promenade de Chien<\/span><\/a>\n                    <\/span>\n                  <\/div>\n                <\/div>\n              <\/div>\n            <\/div>\n          <\/div>\n        <\/div>\n      <\/div>\n    <\/div>\n  <\/div>\n<\/div>","protected":false},"excerpt":{"rendered":"<p>Vous laissez votre chien seul toute la journ\u00e9e et vous aimeriez qu&#8217;il se prom\u00e8ne ou qu&#8217;il sorte dans votre jardin pour faire ses besoins. J&#8217;offre le service de promenade de chien. La promenade se fait dans le secteur de votre habitation et d&#8217;une dur\u00e9e de 30 min. Ou si vous souhaitez juste qu&#8217;il sorte dans [&hellip;]<\/p>\n","protected":false},"author":1,"featured_media":0,"parent":0,"menu_order":0,"comment_status":"closed","ping_status":"closed","template":"page-templates\/full-width-page.php","meta":{"om_disable_all_campaigns":false,"_monsterinsights_skip_tracking":false,"_monsterinsights_sitenote_active":false,"_monsterinsights_sitenote_note":"","_monsterinsights_sitenote_category":0,"footnotes":""},"class_list":["post-322","page","type-page","status-publish","hentry"],"aioseo_notices":[],"_links":{"self":[{"href":"https:\/\/mimyetcompagnie.ca\/index.php?rest_route=\/wp\/v2\/pages\/322","targetHints":{"allow":["GET"]}}],"collection":[{"href":"https:\/\/mimyetcompagnie.ca\/index.php?rest_route=\/wp\/v2\/pages"}],"about":[{"href":"https:\/\/mimyetcompagnie.ca\/index.php?rest_route=\/wp\/v2\/types\/page"}],"author":[{"embeddable":true,"href":"https:\/\/mimyetcompagnie.ca\/index.php?rest_route=\/wp\/v2\/users\/1"}],"replies":[{"embeddable":true,"href":"https:\/\/mimyetcompagnie.ca\/index.php?rest_route=%2Fwp%2Fv2%2Fcomments&post=322"}],"version-history":[{"count":3,"href":"https:\/\/mimyetcompagnie.ca\/index.php?rest_route=\/wp\/v2\/pages\/322\/revisions"}],"predecessor-version":[{"id":739,"href":"https:\/\/mimyetcompagnie.ca\/index.php?rest_route=\/wp\/v2\/pages\/322\/revisions\/739"}],"wp:attachment":[{"href":"https:\/\/mimyetcompagnie.ca\/index.php?rest_route=%2Fwp%2Fv2%2Fmedia&parent=322"}],"curies":[{"name":"wp","href":"https:\/\/api.w.org\/{rel}","templated":true}]}}