{"id":323,"date":"2025-09-01T01:02:19","date_gmt":"2025-09-01T01:02:19","guid":{"rendered":"https:\/\/mimyetcompagnie.ca\/?page_id=323"},"modified":"2025-09-05T01:00:38","modified_gmt":"2025-09-05T01:00:38","slug":"lavage-de-chien","status":"publish","type":"page","link":"https:\/\/mimyetcompagnie.ca\/?page_id=323","title":{"rendered":"Lavage de Chien"},"content":{"rendered":"<div data-colibri-id=\"323-c1\" class=\"style-452 style-local-323-c1 position-relative\">\n  <!---->\n  <div data-colibri-component=\"section\" data-colibri-id=\"323-c2\" id=\"features\" class=\"h-section h-section-global-spacing d-flex align-items-lg-center align-items-md-center align-items-center style-453 style-local-323-c2 position-relative\">\n    <!---->\n    <!---->\n    <div class=\"h-section-grid-container h-section-boxed-container\">\n      <!---->\n      <div data-colibri-id=\"323-c3\" class=\"h-row-container gutters-row-lg-2 gutters-row-md-2 gutters-row-2 gutters-row-v-lg-2 gutters-row-v-md-2 gutters-row-v-2 style-454 style-local-323-c3 position-relative\">\n        <!---->\n        <div class=\"h-row justify-content-lg-center justify-content-md-center justify-content-center align-items-lg-stretch align-items-md-stretch align-items-stretch gutters-col-lg-2 gutters-col-md-2 gutters-col-2 gutters-col-v-lg-2 gutters-col-v-md-2 gutters-col-v-2\">\n          <!---->\n          <div class=\"h-column h-column-container d-flex h-col-lg-6 h-col-md-6 h-col-12 style-455-outer style-local-323-c4-outer\">\n            <div data-colibri-id=\"323-c4\" class=\"d-flex h-flex-basis h-column__inner h-px-lg-0 h-px-md-0 h-px-0 v-inner-lg-0 v-inner-md-0 v-inner-0 style-455 style-local-323-c4 position-relative\">\n              <!---->\n              <!---->\n              <div class=\"w-100 h-y-container h-column__content h-column__v-align flex-basis-100 align-self-lg-start align-self-md-start align-self-start\">\n                <!---->\n                <div data-colibri-id=\"323-c5\" class=\"d-block style-456 style-local-323-c5 position-relative h-element\">\n                  <!---->\n                  <div class=\"h-image__frame-container-outer\">\n                    <div class=\"h-image__frame-container\">\n                      <!---->\n                      <!---->\n                      <img loading=\"lazy\" decoding=\"async\" width=\"1024\" height=\"1024\" src=\"http:\/\/mimyetcompagnie.ca\/wp-content\/uploads\/2025\/09\/1000049737-1.png\" class=\"wp-image-298 style-456-image style-local-323-c5-image\" alt=\"\" srcset=\"https:\/\/mimyetcompagnie.ca\/wp-content\/uploads\/2025\/09\/1000049737-1.png 1024w, https:\/\/mimyetcompagnie.ca\/wp-content\/uploads\/2025\/09\/1000049737-1-300x300.png 300w, https:\/\/mimyetcompagnie.ca\/wp-content\/uploads\/2025\/09\/1000049737-1-150x150.png 150w, https:\/\/mimyetcompagnie.ca\/wp-content\/uploads\/2025\/09\/1000049737-1-768x768.png 768w\" sizes=\"auto, (max-width: 1024px) 100vw, 1024px\" \/>\n                      <div class=\"h-image__frame h-hide-lg h-hide-md h-hide-sm style-456-frameImage style-local-323-c5-frameImage\"><\/div>\n                    <\/div>\n                  <\/div>\n                <\/div>\n              <\/div>\n            <\/div>\n          <\/div>\n          <div class=\"h-column h-column-container d-flex h-col-lg-6 h-col-md-6 h-col-12 style-467-outer style-local-323-c6-outer\">\n            <div data-colibri-id=\"323-c6\" class=\"d-flex h-flex-basis h-column__inner h-px-lg-2 h-px-md-2 h-px-2 v-inner-lg-2 v-inner-md-2 v-inner-2 style-467 style-local-323-c6 position-relative\">\n              <!---->\n              <!---->\n              <div class=\"w-100 h-y-container h-column__content h-column__v-align flex-basis-100 align-self-lg-start align-self-md-start align-self-start\">\n                <!---->\n                <div data-colibri-id=\"323-c7\" class=\"h-text h-text-component style-468 style-local-323-c7 position-relative h-element\">\n                  <!---->\n                  <!---->\n                  <div class=\"\">\n                    <p>\n                      <br>\n                    <\/p>\n                    <p>Si vous n&#8217;avez pas le temps ou des difficult\u00e9s pour laver votre chien, je suis l\u00e0.<\/p>\n                    <p>\n                      <br>\n                    <\/p>\n                    <p>J&#8217;offre un service de lavage de chiens mais attention ce n&#8217;est pas un service de toilettage. Je ne fais pas de tontes ou autres soins sp\u00e9cifiques comme couper les griffes.<\/p>\n                    <p>\n                      <br>\n                    <\/p>\n                    <p>C&#8217;est uniquement un service de lavage et s\u00e9chage de votre chien, dans votre salle de bain.<\/p>\n                    <p>\n                      <br>\n                    <\/p>\n                    <p>J&#8217;apporte mes produits.<\/p>\n                    <p>\n                      <br>\n                    <\/p>\n                  <\/div>\n                <\/div>\n              <\/div>\n            <\/div>\n          <\/div>\n          <div class=\"h-column h-column-container d-flex h-col-lg-6 h-col-md-6 h-col-12 style-641-outer style-local-323-c8-outer\">\n            <div data-colibri-id=\"323-c8\" class=\"d-flex h-flex-basis h-column__inner h-px-lg-2 h-px-md-2 h-px-2 v-inner-lg-2 v-inner-md-2 v-inner-2 style-641 style-local-323-c8 position-relative\">\n              <!---->\n              <!---->\n              <div class=\"w-100 h-y-container h-column__content h-column__v-align flex-basis-100 align-self-lg-start align-self-md-start align-self-start\">\n                <!---->\n                <div data-colibri-id=\"323-c12\" class=\"h-global-transition-all h-heading style-645 style-local-323-c12 position-relative h-element\">\n                  <!---->\n                  <div class=\"h-heading__outer style-645 style-local-323-c12\">\n                    <!---->\n                    <!---->\n                    <h4 class=\"\">Modalit\u00e9s du services<\/h4>\n                  <\/div>\n                <\/div>\n                <div data-colibri-id=\"323-c13\" class=\"h-text h-text-component style-646 style-local-323-c13 position-relative h-element\">\n                  <!---->\n                  <!---->\n                  <div class=\"\">\n                    <p>Le service propos\u00e9 consiste en un lavage \u00e0 l\u2019eau ti\u00e8de avec un shampoing doux pour peau sensible, fourni par Mimy et Compagnie. Il inclut \u00e9galement un brossage l\u00e9ger et un s\u00e9chage \u00e0 la serviette ou au s\u00e9choir, selon les pr\u00e9f\u00e9rences\n                      du client.<span><br><\/span><\/p>\n                    <p><span>Le client est responsable de fournir :<\/span><\/p>\n                    <p><span>&#8211; Un lieu adapt\u00e9 au lavage (ex. : salle de bain)<\/span><\/p>\n                    <p><span>&#8211; Les serviettes n\u00e9cessaires<\/span><\/p>\n                    <p><span>&#8211; Un s\u00e9choir, si souhait\u00e9<\/span><\/p>\n                    <p>\n                      <br>\n                    <\/p>\n                    <p>Aucun mat\u00e9riel de contention n\u2019est utilis\u00e9 durant le service. Il est donc essentiel que le chien soit calme et non agressif.&nbsp;&nbsp;<\/p>\n                    <p>En cas de comportement \u00e0 risque (tentatives de morsure, agitation excessive), Mimy et Compagnie se r\u00e9serve le droit d\u2019interrompre ou d\u2019annuler la prestation pour des raisons de s\u00e9curit\u00e9.&nbsp;&nbsp;<\/p>\n                    <p>Le client doit s\u2019assurer que son animal est apte \u00e0 recevoir le service dans des conditions s\u00e9curitaires<\/p>\n                    <p>\n                      <br>\n                    <\/p>\n                  <\/div>\n                <\/div>\n              <\/div>\n            <\/div>\n          <\/div>\n          <div class=\"h-column h-column-container d-flex h-col-lg-6 h-col-md-6 h-col-12 style-642-outer style-local-323-c9-outer\">\n            <div data-colibri-id=\"323-c9\" class=\"d-flex h-flex-basis h-column__inner h-px-lg-2 h-px-md-2 h-px-2 v-inner-lg-2 v-inner-md-2 v-inner-2 style-642 style-local-323-c9 position-relative\">\n              <!---->\n              <!---->\n              <div class=\"w-100 h-y-container h-column__content h-column__v-align flex-basis-100 align-self-lg-center align-self-md-center align-self-center\">\n                <!---->\n                <div data-colibri-id=\"323-c10\" class=\"h-x-container style-643 style-local-323-c10 position-relative h-element\">\n                  <!---->\n                  <div class=\"h-x-container-inner style-dynamic-323-c10-group style-643-spacing style-local-323-c10-spacing\"><span class=\"h-link__outer style-644-outer style-local-323-c11-outer d-inline-flex h-element\"><a h-use-smooth-scroll=\"true\" href=\"https:\/\/mimyetcompagnie.ca\/?page_id=666\"  data-colibri-id=\"323-c11\" class=\"d-flex w-100 align-items-center h-link style-644 style-local-323-c11 position-relative\"><!----><!----> <span>Tarifs Lavage de Chien<\/span><\/a>\n                    <\/span>\n                  <\/div>\n                <\/div>\n              <\/div>\n            <\/div>\n          <\/div>\n        <\/div>\n      <\/div>\n    <\/div>\n  <\/div>\n<\/div>","protected":false},"excerpt":{"rendered":"<p>Si vous n&#8217;avez pas le temps ou des difficult\u00e9s pour laver votre chien, je suis l\u00e0. J&#8217;offre un service de lavage de chiens mais attention ce n&#8217;est pas un service de toilettage. Je ne fais pas de tontes ou autres soins sp\u00e9cifiques comme couper les griffes. C&#8217;est uniquement un service de lavage et s\u00e9chage de [&hellip;]<\/p>\n","protected":false},"author":1,"featured_media":0,"parent":0,"menu_order":0,"comment_status":"closed","ping_status":"closed","template":"page-templates\/full-width-page.php","meta":{"om_disable_all_campaigns":false,"_monsterinsights_skip_tracking":false,"_monsterinsights_sitenote_active":false,"_monsterinsights_sitenote_note":"","_monsterinsights_sitenote_category":0,"footnotes":""},"class_list":["post-323","page","type-page","status-publish","hentry"],"aioseo_notices":[],"_links":{"self":[{"href":"https:\/\/mimyetcompagnie.ca\/index.php?rest_route=\/wp\/v2\/pages\/323","targetHints":{"allow":["GET"]}}],"collection":[{"href":"https:\/\/mimyetcompagnie.ca\/index.php?rest_route=\/wp\/v2\/pages"}],"about":[{"href":"https:\/\/mimyetcompagnie.ca\/index.php?rest_route=\/wp\/v2\/types\/page"}],"author":[{"embeddable":true,"href":"https:\/\/mimyetcompagnie.ca\/index.php?rest_route=\/wp\/v2\/users\/1"}],"replies":[{"embeddable":true,"href":"https:\/\/mimyetcompagnie.ca\/index.php?rest_route=%2Fwp%2Fv2%2Fcomments&post=323"}],"version-history":[{"count":4,"href":"https:\/\/mimyetcompagnie.ca\/index.php?rest_route=\/wp\/v2\/pages\/323\/revisions"}],"predecessor-version":[{"id":775,"href":"https:\/\/mimyetcompagnie.ca\/index.php?rest_route=\/wp\/v2\/pages\/323\/revisions\/775"}],"wp:attachment":[{"href":"https:\/\/mimyetcompagnie.ca\/index.php?rest_route=%2Fwp%2Fv2%2Fmedia&parent=323"}],"curies":[{"name":"wp","href":"https:\/\/api.w.org\/{rel}","templated":true}]}}