{"id":343,"date":"2025-09-01T01:06:00","date_gmt":"2025-09-01T01:06:00","guid":{"rendered":"https:\/\/mimyetcompagnie.ca\/?page_id=343"},"modified":"2025-09-07T16:56:22","modified_gmt":"2025-09-07T16:56:22","slug":"service-de-livraison","status":"publish","type":"page","link":"https:\/\/mimyetcompagnie.ca\/?page_id=343","title":{"rendered":"Service de Livraison"},"content":{"rendered":"<div data-colibri-id=\"343-c1\" class=\"style-469 style-local-343-c1 position-relative\">\n  <!---->\n  <div data-colibri-component=\"section\" data-colibri-id=\"343-c2\" id=\"features\" class=\"h-section h-section-global-spacing d-flex align-items-lg-center align-items-md-center align-items-center style-470 style-local-343-c2 position-relative\">\n    <!---->\n    <!---->\n    <div class=\"h-section-grid-container h-section-boxed-container\">\n      <!---->\n      <div data-colibri-id=\"343-c3\" class=\"h-row-container gutters-row-lg-2 gutters-row-md-2 gutters-row-2 gutters-row-v-lg-2 gutters-row-v-md-2 gutters-row-v-2 style-471 style-local-343-c3 position-relative\">\n        <!---->\n        <div class=\"h-row justify-content-lg-center justify-content-md-center justify-content-center align-items-lg-stretch align-items-md-stretch align-items-stretch gutters-col-lg-2 gutters-col-md-2 gutters-col-2 gutters-col-v-lg-2 gutters-col-v-md-2 gutters-col-v-2\">\n          <!---->\n          <div class=\"h-column h-column-container d-flex h-col-lg-6 h-col-md-6 h-col-12 style-472-outer style-local-343-c4-outer\">\n            <div data-colibri-id=\"343-c4\" class=\"d-flex h-flex-basis h-column__inner h-px-lg-0 h-px-md-0 h-px-0 v-inner-lg-0 v-inner-md-0 v-inner-0 style-472 style-local-343-c4 position-relative\">\n              <!---->\n              <!---->\n              <div class=\"w-100 h-y-container h-column__content h-column__v-align flex-basis-100 align-self-lg-start align-self-md-start align-self-start\">\n                <!---->\n                <div data-colibri-id=\"343-c5\" class=\"d-block style-473 style-local-343-c5 position-relative h-element\">\n                  <!---->\n                  <div class=\"h-image__frame-container-outer\">\n                    <div class=\"h-image__frame-container\">\n                      <!---->\n                      <!---->\n                      <img loading=\"lazy\" decoding=\"async\" width=\"1024\" height=\"1024\" src=\"http:\/\/mimyetcompagnie.ca\/wp-content\/uploads\/2025\/08\/1000049715.png\" class=\"wp-image-100 style-473-image style-local-343-c5-image\" alt=\"\" srcset=\"https:\/\/mimyetcompagnie.ca\/wp-content\/uploads\/2025\/08\/1000049715.png 1024w, https:\/\/mimyetcompagnie.ca\/wp-content\/uploads\/2025\/08\/1000049715-300x300.png 300w, https:\/\/mimyetcompagnie.ca\/wp-content\/uploads\/2025\/08\/1000049715-150x150.png 150w, https:\/\/mimyetcompagnie.ca\/wp-content\/uploads\/2025\/08\/1000049715-768x768.png 768w\" sizes=\"auto, (max-width: 1024px) 100vw, 1024px\" \/>\n                      <div class=\"h-image__frame h-hide-lg h-hide-md h-hide-sm style-473-frameImage style-local-343-c5-frameImage\"><\/div>\n                    <\/div>\n                  <\/div>\n                <\/div>\n              <\/div>\n            <\/div>\n          <\/div>\n          <div class=\"h-column h-column-container d-flex h-col-lg-6 h-col-md-6 h-col-12 style-484-outer style-local-343-c6-outer\">\n            <div data-colibri-id=\"343-c6\" class=\"d-flex h-flex-basis h-column__inner h-px-lg-2 h-px-md-2 h-px-2 v-inner-lg-2 v-inner-md-2 v-inner-2 style-484 style-local-343-c6 position-relative\">\n              <!---->\n              <!---->\n              <div class=\"w-100 h-y-container h-column__content h-column__v-align flex-basis-100 align-self-lg-start align-self-md-start align-self-start\">\n                <!---->\n                <div data-colibri-id=\"343-c7\" class=\"h-text h-text-component style-487 style-local-343-c7 position-relative h-element\">\n                  <!---->\n                  <!---->\n                  <div class=\"\">\n                    <p>\n                      <br>\n                    <\/p>\n                    <p>\n                      <br><span>Vous n&#8217;avez pas le temps, vous n&#8217;avez pas d&#8217;auto ou des difficult\u00e9s pour vous d\u00e9placer.<\/span><\/p>\n                    <p><span><br><\/span><\/p>\n                    <p><span>Je propose un service de livraison de vos produits pour animaux. Je me d\u00e9place soit dans votre \u00e9picerie, soit dans votre animalerie pour effectuer vos achats et vous livrer.<\/span><\/p>\n                    <p>\n                      <br>\n                    <\/p>\n                    <p>Livraison uniquement le mercredi. Vous me passez votre commande du jeudi au lundi et je vous livre le mercredi.<\/p>\n                    <p>\n                      <br>\n                    <\/p>\n                  <\/div>\n                <\/div>\n              <\/div>\n            <\/div>\n          <\/div>\n          <div class=\"h-column h-column-container d-flex h-col-lg-6 h-col-md-6 h-col-12 style-726-outer style-local-343-c8-outer\">\n            <div data-colibri-id=\"343-c8\" class=\"d-flex h-flex-basis h-column__inner h-px-lg-2 h-px-md-2 h-px-2 v-inner-lg-2 v-inner-md-2 v-inner-2 style-726 style-local-343-c8 position-relative\">\n              <!---->\n              <!---->\n              <div class=\"w-100 h-y-container h-column__content h-column__v-align flex-basis-100 align-self-lg-start align-self-md-start align-self-start\">\n                <!---->\n                <div data-colibri-id=\"343-c12\" class=\"h-global-transition-all h-heading style-730 style-local-343-c12 position-relative h-element\">\n                  <!---->\n                  <div class=\"h-heading__outer style-730 style-local-343-c12\">\n                    <!---->\n                    <!---->\n                    <h4 class=\"\">Modalit\u00e9s du service<\/h4>\n                  <\/div>\n                <\/div>\n                <div data-colibri-id=\"343-c13\" class=\"h-text h-text-component style-731 style-local-343-c13 position-relative h-element\">\n                  <!---->\n                  <!---->\n                  <div class=\"\">\n                    <p>\n                      <br>\n                    <\/p>\n                    <p>Achat et livraison de produits pour animaux<\/p>\n                    <p>\n                      <br>\n                    <\/p>\n                    <p>\n                      <br>\n                    <\/p>\n                  <\/div>\n                <\/div>\n              <\/div>\n            <\/div>\n          <\/div>\n          <div class=\"h-column h-column-container d-flex h-col-lg-6 h-col-md-6 h-col-12 style-727-outer style-local-343-c9-outer\">\n            <div data-colibri-id=\"343-c9\" class=\"d-flex h-flex-basis h-column__inner h-px-lg-2 h-px-md-2 h-px-2 v-inner-lg-2 v-inner-md-2 v-inner-2 style-727 style-local-343-c9 position-relative\">\n              <!---->\n              <!---->\n              <div class=\"w-100 h-y-container h-column__content h-column__v-align flex-basis-100 align-self-lg-center align-self-md-center align-self-center\">\n                <!---->\n                <div data-colibri-id=\"343-c10\" class=\"h-x-container style-728 style-local-343-c10 position-relative h-element\">\n                  <!---->\n                  <div class=\"h-x-container-inner style-dynamic-343-c10-group style-728-spacing style-local-343-c10-spacing\"><span class=\"h-link__outer style-729-outer style-local-343-c11-outer d-inline-flex h-element\"><a h-use-smooth-scroll=\"true\" href=\"https:\/\/mimyetcompagnie.ca\/?page_id=668\"  data-colibri-id=\"343-c11\" class=\"d-flex w-100 align-items-center h-link style-729 style-local-343-c11 position-relative\"><!----><!----> <span>Tarifs Service de livraison<\/span><\/a>\n                    <\/span>\n                  <\/div>\n                <\/div>\n              <\/div>\n            <\/div>\n          <\/div>\n        <\/div>\n      <\/div>\n    <\/div>\n  <\/div>\n<\/div>","protected":false},"excerpt":{"rendered":"<p>Vous n&#8217;avez pas le temps, vous n&#8217;avez pas d&#8217;auto ou des difficult\u00e9s pour vous d\u00e9placer. Je propose un service de livraison de vos produits pour animaux. Je me d\u00e9place soit dans votre \u00e9picerie, soit dans votre animalerie pour effectuer vos achats et vous livrer. Livraison uniquement le mercredi. Vous me passez votre commande du jeudi [&hellip;]<\/p>\n","protected":false},"author":1,"featured_media":0,"parent":0,"menu_order":0,"comment_status":"closed","ping_status":"closed","template":"page-templates\/full-width-page.php","meta":{"om_disable_all_campaigns":false,"_monsterinsights_skip_tracking":false,"_monsterinsights_sitenote_active":false,"_monsterinsights_sitenote_note":"","_monsterinsights_sitenote_category":0,"footnotes":""},"class_list":["post-343","page","type-page","status-publish","hentry"],"aioseo_notices":[],"_links":{"self":[{"href":"https:\/\/mimyetcompagnie.ca\/index.php?rest_route=\/wp\/v2\/pages\/343","targetHints":{"allow":["GET"]}}],"collection":[{"href":"https:\/\/mimyetcompagnie.ca\/index.php?rest_route=\/wp\/v2\/pages"}],"about":[{"href":"https:\/\/mimyetcompagnie.ca\/index.php?rest_route=\/wp\/v2\/types\/page"}],"author":[{"embeddable":true,"href":"https:\/\/mimyetcompagnie.ca\/index.php?rest_route=\/wp\/v2\/users\/1"}],"replies":[{"embeddable":true,"href":"https:\/\/mimyetcompagnie.ca\/index.php?rest_route=%2Fwp%2Fv2%2Fcomments&post=343"}],"version-history":[{"count":3,"href":"https:\/\/mimyetcompagnie.ca\/index.php?rest_route=\/wp\/v2\/pages\/343\/revisions"}],"predecessor-version":[{"id":971,"href":"https:\/\/mimyetcompagnie.ca\/index.php?rest_route=\/wp\/v2\/pages\/343\/revisions\/971"}],"wp:attachment":[{"href":"https:\/\/mimyetcompagnie.ca\/index.php?rest_route=%2Fwp%2Fv2%2Fmedia&parent=343"}],"curies":[{"name":"wp","href":"https:\/\/api.w.org\/{rel}","templated":true}]}}