{"id":423,"date":"2025-09-01T01:27:58","date_gmt":"2025-09-01T01:27:58","guid":{"rendered":"https:\/\/mimyetcompagnie.ca\/?page_id=423"},"modified":"2025-09-07T19:08:41","modified_gmt":"2025-09-07T19:08:41","slug":"visite-a-domicile","status":"publish","type":"page","link":"https:\/\/mimyetcompagnie.ca\/?page_id=423","title":{"rendered":"Visite \u00e0 Domicile"},"content":{"rendered":"<div data-colibri-id=\"423-c1\" class=\"style-403 style-local-423-c1 position-relative\">\n  <!---->\n  <div data-colibri-component=\"section\" data-colibri-id=\"423-c2\" id=\"features\" class=\"h-section h-section-global-spacing d-flex align-items-lg-center align-items-md-center align-items-center style-404 style-local-423-c2 position-relative\">\n    <!---->\n    <!---->\n    <div class=\"h-section-grid-container h-section-boxed-container\">\n      <!---->\n      <div data-colibri-id=\"423-c3\" class=\"h-row-container gutters-row-lg-2 gutters-row-md-2 gutters-row-2 gutters-row-v-lg-2 gutters-row-v-md-2 gutters-row-v-2 style-405 style-local-423-c3 position-relative\">\n        <!---->\n        <div class=\"h-row justify-content-lg-center justify-content-md-center justify-content-center align-items-lg-stretch align-items-md-stretch align-items-stretch gutters-col-lg-2 gutters-col-md-2 gutters-col-2 gutters-col-v-lg-2 gutters-col-v-md-2 gutters-col-v-2\">\n          <!---->\n          <div class=\"h-column h-column-container d-flex h-col-lg-6 h-col-md-6 h-col-12 style-406-outer style-local-423-c4-outer\">\n            <div data-colibri-id=\"423-c4\" class=\"d-flex h-flex-basis h-column__inner h-px-lg-0 h-px-md-0 h-px-0 v-inner-lg-0 v-inner-md-0 v-inner-0 style-406 style-local-423-c4 position-relative\">\n              <!---->\n              <!---->\n              <div class=\"w-100 h-y-container h-column__content h-column__v-align flex-basis-100 align-self-lg-center align-self-md-center align-self-center\">\n                <!---->\n                <div data-colibri-id=\"423-c5\" class=\"d-block style-407 style-local-423-c5 position-relative h-element\">\n                  <!---->\n                  <div class=\"h-image__frame-container-outer\">\n                    <div class=\"h-image__frame-container\">\n                      <!---->\n                      <!---->\n                      <img loading=\"lazy\" decoding=\"async\" width=\"1024\" height=\"1024\" src=\"http:\/\/mimyetcompagnie.ca\/wp-content\/uploads\/2025\/08\/1000049719.png\" class=\"wp-image-123 style-407-image style-local-423-c5-image\" alt=\"\" srcset=\"https:\/\/mimyetcompagnie.ca\/wp-content\/uploads\/2025\/08\/1000049719.png 1024w, https:\/\/mimyetcompagnie.ca\/wp-content\/uploads\/2025\/08\/1000049719-300x300.png 300w, https:\/\/mimyetcompagnie.ca\/wp-content\/uploads\/2025\/08\/1000049719-150x150.png 150w, https:\/\/mimyetcompagnie.ca\/wp-content\/uploads\/2025\/08\/1000049719-768x768.png 768w\" sizes=\"auto, (max-width: 1024px) 100vw, 1024px\" \/>\n                      <div class=\"h-image__frame h-hide-lg h-hide-md h-hide-sm style-407-frameImage style-local-423-c5-frameImage\"><\/div>\n                    <\/div>\n                  <\/div>\n                <\/div>\n              <\/div>\n            <\/div>\n          <\/div>\n          <div class=\"h-column h-column-container d-flex h-col-lg-6 h-col-md-6 h-col-12 style-433-outer style-local-423-c6-outer\">\n            <div data-colibri-id=\"423-c6\" class=\"d-flex h-flex-basis h-column__inner h-px-lg-2 h-px-md-2 h-px-2 v-inner-lg-2 v-inner-md-2 v-inner-2 style-433 style-local-423-c6 position-relative\">\n              <!---->\n              <!---->\n              <div class=\"w-100 h-y-container h-column__content h-column__v-align flex-basis-100 align-self-lg-start align-self-md-start align-self-start\">\n                <!---->\n                <div data-colibri-id=\"423-c7\" class=\"h-text h-text-component style-766 style-local-423-c7 position-relative h-element\">\n                  <!---->\n                  <!---->\n                  <div class=\"\">\n                    <p>\n                      <br>\n                    <\/p>\n                    <p>J&#8217;offre un service \u00e0 domicile lors de votre absence sur plusieurs jours.<\/p>\n                    <p>\n                      <br>\n                    <\/p>\n                    <p>Ce service est pour tous types d&#8217;animaux (chats, rongeurs, poissons, oiseaux..).<\/p>\n                    <p>\n                      <br>\n                    <\/p>\n                    <p>Je n&#8217;offre pas ce service pour les chiens \u00e9tant donn\u00e9 qu&#8217;un chien ne peut pas rester seul plus d&#8217;une journ\u00e9e. Par contre il y a d&#8217;autres services pour les chiens<\/p>\n                  <\/div>\n                <\/div>\n                <div data-colibri-id=\"423-c8\" class=\"h-x-container style-764 style-local-423-c8 position-relative h-element\">\n                  <!---->\n                  <div class=\"h-x-container-inner style-dynamic-423-c8-group style-764-spacing style-local-423-c8-spacing\"><span class=\"h-link__outer style-765-outer style-local-423-c9-outer d-inline-flex h-element\"><a h-use-smooth-scroll=\"true\" href=\"https:\/\/mimyetcompagnie.ca\/?page_id=344\"  data-colibri-id=\"423-c9\" class=\"d-flex w-100 align-items-center h-link style-765 style-local-423-c9 position-relative\"><!----><!----> <span>Services pour Chien<\/span><\/a>\n                    <\/span>\n                  <\/div>\n                <\/div>\n                <div data-colibri-id=\"423-c10\" class=\"h-x-container style-767 style-local-423-c10 position-relative h-element\">\n                  <!---->\n                  <div class=\"h-x-container-inner style-dynamic-423-c10-group style-767-spacing style-local-423-c10-spacing\"><span class=\"h-link__outer style-768-outer style-local-423-c11-outer d-inline-flex h-element\"><a h-use-smooth-scroll=\"true\" href=\"https:\/\/mimyetcompagnie.ca\/?page_id=177\"  data-colibri-id=\"423-c11\" class=\"d-flex w-100 align-items-center h-link style-768 style-local-423-c11 position-relative\"><!----><!----> <span>Service Tout Inclus<\/span><\/a>\n                    <\/span>\n                  <\/div>\n                <\/div>\n                <div data-colibri-id=\"423-c20\" class=\"h-text h-text-component style-769 style-local-423-c20 position-relative h-element\">\n                  <!---->\n                  <!---->\n                  <div class=\"\">\n                    <p><span style=\"font-weight: 400; font-size: 16px; font-family: &quot;Open Sans&quot;; color: rgb(70, 112, 127);\">Pour les animaux de la ferme<\/span><\/p>\n                  <\/div>\n                <\/div>\n                <div data-colibri-id=\"423-c21\" class=\"h-x-container style-770 style-local-423-c21 position-relative h-element\">\n                  <!---->\n                  <div class=\"h-x-container-inner style-dynamic-423-c21-group style-770-spacing style-local-423-c21-spacing\"><span class=\"h-link__outer style-771-outer style-local-423-c22-outer d-inline-flex h-element\"><a h-use-smooth-scroll=\"true\" href=\"https:\/\/mimyetcompagnie.ca\/?page_id=419\"  data-colibri-id=\"423-c22\" class=\"d-flex w-100 align-items-center h-link style-771 style-local-423-c22 position-relative\"><!----><!----> <span>Service Visite \u00e0 la Ferme<\/span><\/a>\n                    <\/span>\n                  <\/div>\n                <\/div>\n                <div data-colibri-id=\"423-c12\" class=\"h-text h-text-component style-434 style-local-423-c12 position-relative h-element\">\n                  <!---->\n                  <!---->\n                  <div class=\"\">\n                    <p>\n                      <br>La visite peut se faire 2 fois par jour, 1 fois par jour, aux 2 jours ou 3 jours. C&#8217;est \u00e0 vous de choisir.<\/p>\n                    <p>\n                      <br>\n                    <\/p>\n                    <p>La visite comprends :&nbsp;<\/p>\n                    <p>&#8211; Interaction avec l&#8217;animal&nbsp;<\/p>\n                    <p>&#8211; le nourrir et changer son eau<\/p>\n                    <p>&#8211; Nettoyage de son espace (litiere ou cage)<\/p>\n                    <p>&#8211; des nouvelles par message et\/ou photos<\/p>\n                    <p>&#8211; administration de m\u00e9dicaments&nbsp;<\/p>\n                    <p>\n                      <br>\n                    <\/p>\n                    <p>J&#8217;offre avec un suppl\u00e9ment tarifaire le nettoyage complet de la cage ou la liti\u00e8re le dernier jour de mon passage pour les demandes de plus de 7 jours.<\/p>\n                    <p>\n                      <br>\n                    <\/p>\n                    <p>\n                      <br>\n                    <\/p>\n                  <\/div>\n                <\/div>\n              <\/div>\n            <\/div>\n          <\/div>\n          <div class=\"h-column h-column-container d-flex h-col-lg-6 h-col-md-6 h-col-12 style-541-outer style-local-423-c13-outer\">\n            <div data-colibri-id=\"423-c13\" class=\"d-flex h-flex-basis h-column__inner h-px-lg-2 h-px-md-2 h-px-2 v-inner-lg-2 v-inner-md-2 v-inner-2 style-541 style-local-423-c13 position-relative\">\n              <!---->\n              <!---->\n              <div class=\"w-100 h-y-container h-column__content h-column__v-align flex-basis-100 align-self-lg-center align-self-md-center align-self-center\">\n                <!---->\n                <div data-colibri-id=\"423-c14\" class=\"h-global-transition-all h-heading style-604 style-local-423-c14 position-relative h-element\">\n                  <!---->\n                  <div class=\"h-heading__outer style-604 style-local-423-c14\">\n                    <!---->\n                    <!---->\n                    <h4 class=\"\">Modalit\u00e9s du service<\/h4>\n                  <\/div>\n                <\/div>\n                <div data-colibri-id=\"423-c15\" class=\"h-text h-text-component style-603 style-local-423-c15 position-relative h-element\">\n                  <!---->\n                  <!---->\n                  <div class=\"\">\n                    <p>\n                      <br>\n                    <\/p>\n                    <p>&#8211; Chaque visite \u00e0 domicile dure environ 30 minutes.<\/p>\n                    <p>&#8211; Vous pouvez choisir la fr\u00e9quence qui convient le mieux \u00e0 votre compagnon :&nbsp;&nbsp;<\/p>\n                    <p>&nbsp;2 visites par jour, 1 visite par jour, 1 visite aux 2 jours ou 1 visite aux 3 jours.<\/p>\n                    <p>&#8211; Les visites sont g\u00e9n\u00e9ralement effectu\u00e9es le matin et en fin de journ\u00e9e.&nbsp;&nbsp;<\/p>\n                    <p>&nbsp;Aucune visite n\u2019est pr\u00e9vue en milieu de journ\u00e9e, sauf exception li\u00e9e \u00e0 l\u2019organisation du service.<\/p>\n                    <p>&#8211; Afin d\u2019optimiser mes d\u00e9placements, les heures de passage ne peuvent pas \u00eatre pr\u00e9cis\u00e9es \u00e0 l\u2019avance. ***<\/p>\n                    <p>\n                      <br>\n                    <\/p>\n                  <\/div>\n                <\/div>\n              <\/div>\n            <\/div>\n          <\/div>\n          <div class=\"h-column h-column-container d-flex h-col-lg-6 h-col-md-6 h-col-12 style-544-outer style-local-423-c16-outer\">\n            <div data-colibri-id=\"423-c16\" class=\"d-flex h-flex-basis h-column__inner h-px-lg-2 h-px-md-2 h-px-2 v-inner-lg-2 v-inner-md-2 v-inner-2 style-544 style-local-423-c16 position-relative\">\n              <!---->\n              <!---->\n              <div class=\"w-100 h-y-container h-column__content h-column__v-align flex-basis-100 align-self-lg-center align-self-md-center align-self-center\">\n                <!---->\n                <div data-colibri-id=\"423-c17\" class=\"h-x-container style-542 style-local-423-c17 position-relative h-element\">\n                  <!---->\n                  <div class=\"h-x-container-inner style-dynamic-423-c17-group style-542-spacing style-local-423-c17-spacing\"><span class=\"h-link__outer style-543-outer style-local-423-c18-outer d-inline-flex h-element\"><a h-use-smooth-scroll=\"true\" href=\"https:\/\/mimyetcompagnie.ca\/?page_id=648\"  data-colibri-id=\"423-c18\" class=\"d-flex w-100 align-items-center h-link style-543 style-local-423-c18 position-relative\"><!----><!----> <span>Tarifs Visite \u00e0 Domicile<\/span><\/a>\n                    <\/span>\n                  <\/div>\n                <\/div>\n                <div data-colibri-id=\"423-c19\" class=\"h-text h-text-component style-545 style-local-423-c19 position-relative h-element\">\n                  <!---->\n                  <!---->\n                  <div class=\"\">\n                    <p>\n                      <br>\n                    <\/p>\n                    <p>\n                      <br>\n                    <\/p>\n                  <\/div>\n                <\/div>\n              <\/div>\n            <\/div>\n          <\/div>\n        <\/div>\n      <\/div>\n    <\/div>\n  <\/div>\n<\/div>","protected":false},"excerpt":{"rendered":"<p>J&#8217;offre un service \u00e0 domicile lors de votre absence sur plusieurs jours. Ce service est pour tous types d&#8217;animaux (chats, rongeurs, poissons, oiseaux..). Je n&#8217;offre pas ce service pour les chiens \u00e9tant donn\u00e9 qu&#8217;un chien ne peut pas rester seul plus d&#8217;une journ\u00e9e. Par contre il y a d&#8217;autres services pour les chiens Services pour [&hellip;]<\/p>\n","protected":false},"author":1,"featured_media":0,"parent":0,"menu_order":0,"comment_status":"closed","ping_status":"closed","template":"page-templates\/full-width-page.php","meta":{"om_disable_all_campaigns":false,"_monsterinsights_skip_tracking":false,"_monsterinsights_sitenote_active":false,"_monsterinsights_sitenote_note":"","_monsterinsights_sitenote_category":0,"footnotes":""},"class_list":["post-423","page","type-page","status-publish","hentry"],"aioseo_notices":[],"_links":{"self":[{"href":"https:\/\/mimyetcompagnie.ca\/index.php?rest_route=\/wp\/v2\/pages\/423","targetHints":{"allow":["GET"]}}],"collection":[{"href":"https:\/\/mimyetcompagnie.ca\/index.php?rest_route=\/wp\/v2\/pages"}],"about":[{"href":"https:\/\/mimyetcompagnie.ca\/index.php?rest_route=\/wp\/v2\/types\/page"}],"author":[{"embeddable":true,"href":"https:\/\/mimyetcompagnie.ca\/index.php?rest_route=\/wp\/v2\/users\/1"}],"replies":[{"embeddable":true,"href":"https:\/\/mimyetcompagnie.ca\/index.php?rest_route=%2Fwp%2Fv2%2Fcomments&post=423"}],"version-history":[{"count":19,"href":"https:\/\/mimyetcompagnie.ca\/index.php?rest_route=\/wp\/v2\/pages\/423\/revisions"}],"predecessor-version":[{"id":1099,"href":"https:\/\/mimyetcompagnie.ca\/index.php?rest_route=\/wp\/v2\/pages\/423\/revisions\/1099"}],"wp:attachment":[{"href":"https:\/\/mimyetcompagnie.ca\/index.php?rest_route=%2Fwp%2Fv2%2Fmedia&parent=423"}],"curies":[{"name":"wp","href":"https:\/\/api.w.org\/{rel}","templated":true}]}}