{"id":648,"date":"2025-09-02T01:44:03","date_gmt":"2025-09-02T01:44:03","guid":{"rendered":"https:\/\/mimyetcompagnie.ca\/?page_id=648"},"modified":"2025-09-07T19:18:32","modified_gmt":"2025-09-07T19:18:32","slug":"tarif-visites-a-domicile","status":"publish","type":"page","link":"https:\/\/mimyetcompagnie.ca\/?page_id=648","title":{"rendered":"Tarifs Visites \u00e0 Domicile"},"content":{"rendered":"<div data-colibri-id=\"648-c1\" class=\"style-546 style-local-648-c1 position-relative\">\n  <!---->\n  <div data-colibri-component=\"section\" data-colibri-id=\"648-c2\" id=\"features\" class=\"h-section h-section-global-spacing d-flex align-items-lg-center align-items-md-center align-items-center style-589 style-local-648-c2 position-relative\">\n    <!---->\n    <!---->\n    <div class=\"h-section-grid-container h-section-boxed-container\">\n      <div data-colibri-id=\"648-c6\" class=\"h-row-container gutters-row-lg-2 gutters-row-md-2 gutters-row-0 gutters-row-v-lg-2 gutters-row-v-md-2 gutters-row-v-2 style-599 style-local-648-c6 position-relative\">\n        <!---->\n        <div class=\"h-row justify-content-lg-center justify-content-md-center justify-content-center align-items-lg-stretch align-items-md-stretch align-items-stretch gutters-col-lg-2 gutters-col-md-2 gutters-col-0 gutters-col-v-lg-2 gutters-col-v-md-2 gutters-col-v-2\">\n          <!---->\n          <div class=\"h-column h-column-container d-flex h-col-lg-auto h-col-md-auto h-col-auto style-600-outer style-local-648-c7-outer\">\n            <div data-colibri-id=\"648-c7\" class=\"d-flex h-flex-basis h-column__inner h-px-lg-2 h-px-md-2 h-px-2 v-inner-lg-2 v-inner-md-2 v-inner-2 style-600 style-local-648-c7 position-relative\">\n              <!---->\n              <!---->\n              <div class=\"w-100 h-y-container h-column__content h-column__v-align flex-basis-100 align-self-lg-start align-self-md-start align-self-start\">\n                <!---->\n                <div data-colibri-id=\"648-c8\" class=\"h-global-transition-all h-heading style-601 style-local-648-c8 position-relative h-element\">\n                  <!---->\n                  <div class=\"h-heading__outer style-601 style-local-648-c8\">\n                    <!---->\n                    <!---->\n                    <h2 class=\"\">Tarifs et modalit\u00e9s de paiement<\/h2>\n                  <\/div>\n                <\/div>\n                <div data-colibri-id=\"648-c9\" class=\"h-lead h-text h-text-component style-602 style-local-648-c9 position-relative h-element\">\n                  <!---->\n                  <!---->\n                  <div class=\"\">\n                    <p>Modalit\u00e9s du service<\/p>\n                    <p>&#8211; Chaque visite \u00e0 domicile dure environ 30 minutes.<\/p>\n                    <p>&#8211; Vous pouvez choisir la fr\u00e9quence qui convient le mieux \u00e0 votre compagnon :&nbsp;&nbsp;<\/p>\n                    <p>&nbsp;2 visites par jour, 1 visite par jour, 1 visite aux 2 jours ou 1 visite aux 3 jours.<\/p>\n                    <p>&#8211; Les visites sont g\u00e9n\u00e9ralement effectu\u00e9es le matin et en fin de journ\u00e9e.&nbsp;&nbsp;<\/p>\n                    <p>&nbsp;Aucune visite n\u2019est pr\u00e9vue en milieu de journ\u00e9e, sauf exception li\u00e9e \u00e0 l\u2019organisation du service.<\/p>\n                    <p>&#8211; Afin d\u2019optimiser mes d\u00e9placements, les heures de passage ne peuvent pas \u00eatre pr\u00e9cis\u00e9es \u00e0 l\u2019avance.\n                      <br>\n                      <br>\n                    <\/p>\n                    <p>&#8212;&#8212;&#8212;&#8212;&#8212;&#8212;&#8212;&#8212;&#8212;&#8211;\n                      <br>Tarif par visite : 30 $\n                      <br>\n                      <br>&#8211; 5$ par animal suppl\u00e9mentaire (pour plus de 3 animaux, sur soumission)&nbsp;&nbsp;<\/p>\n                    <p>&#8211; Paiement initial : Un paiement de 50 % du montant total est requis au moment de la r\u00e9servation pour garantir la disponibilit\u00e9 du service.&nbsp;&nbsp;<\/p>\n                    <p>&#8211; Solde : Le montant restant doit \u00eatre r\u00e9gl\u00e9 au plus tard 2 jours avant le d\u00e9but du service.&nbsp;&nbsp;<\/p>\n                    <p>&#8211; Modes de paiement accept\u00e9s : Virement Interac ou esp\u00e8ces.&nbsp;&nbsp;<\/p>\n                    <p>&#8211; Confirmation : La r\u00e9servation est consid\u00e9r\u00e9e comme confirm\u00e9e uniquement lorsque le paiement complet a \u00e9t\u00e9 re\u00e7u.<\/p>\n                    <p>\n                      <br>\n                    <\/p>\n                    <p>&#8211; Frais de d\u00e9placement :&nbsp;&nbsp;<\/p>\n                    <p><span style=\"font-weight: 300; font-size: 20px; font-family: &quot;Open Sans&quot;; color: rgb(37, 41, 42);\">&#8211; Frais de d\u00e9placement : 0,72$ \/ Km au del\u00e0 de 5km de l&#8217;adresse de la compagnie<\/span>\n                      <br>\n                    <\/p>\n                    <p>Prestation bonus : Nettoyage complet de la liti\u00e8re ou de la cage : 10 $&nbsp;&nbsp;<\/p>\n                    <p>&nbsp;**Cette option peut \u00eatre ajout\u00e9&nbsp;pour assurer un environnement propre et confortable \u00e0 votre animal, le dernier jour de ma visite.<\/p>\n                    <p>&nbsp;Elle inclut le retrait des d\u00e9chets, le nettoyage du bac ou de la cage, et le remplacement du substrat ou de la liti\u00e8re.<\/p>\n                    <p>\n                      <br>\n                    <\/p>\n                  <\/div>\n                <\/div>\n              <\/div>\n            <\/div>\n          <\/div>\n        <\/div>\n      <\/div>\n      <div data-colibri-id=\"648-c3\" class=\"h-row-container gutters-row-lg-2 gutters-row-md-2 gutters-row-2 gutters-row-v-lg-2 gutters-row-v-md-2 gutters-row-v-2 style-590 style-local-648-c3 position-relative\">\n        <!---->\n        <div class=\"h-row justify-content-lg-center justify-content-md-center justify-content-center align-items-lg-stretch align-items-md-stretch align-items-stretch gutters-col-lg-2 gutters-col-md-2 gutters-col-2 gutters-col-v-lg-2 gutters-col-v-md-2 gutters-col-v-2\">\n          <!---->\n          <div class=\"h-column h-column-container d-flex h-col-lg-4 h-col-md-6 h-col-12 style-591-outer style-local-648-c4-outer\">\n            <div data-colibri-id=\"648-c4\" class=\"d-flex h-flex-basis h-column__inner h-px-lg-0 h-px-md-0 h-px-0 v-inner-lg-0 v-inner-md-0 v-inner-0 style-591 style-local-648-c4 position-relative\">\n              <!---->\n              <!---->\n              <div class=\"w-100 h-y-container h-column__content h-column__v-align flex-basis-100 align-self-lg-start align-self-md-start align-self-start\">\n                <!---->\n                <div data-colibri-id=\"648-c5\" class=\"d-block style-592 style-local-648-c5 position-relative h-element\">\n                  <!---->\n                  <div class=\"h-image__frame-container-outer\">\n                    <div class=\"h-image__frame-container\">\n                      <!---->\n                      <!---->\n                      <img loading=\"lazy\" decoding=\"async\" width=\"1024\" height=\"1024\" src=\"http:\/\/mimyetcompagnie.ca\/wp-content\/uploads\/2025\/08\/1000049719.png\" class=\"wp-image-123 style-592-image style-local-648-c5-image\" alt=\"\" srcset=\"https:\/\/mimyetcompagnie.ca\/wp-content\/uploads\/2025\/08\/1000049719.png 1024w, https:\/\/mimyetcompagnie.ca\/wp-content\/uploads\/2025\/08\/1000049719-300x300.png 300w, https:\/\/mimyetcompagnie.ca\/wp-content\/uploads\/2025\/08\/1000049719-150x150.png 150w, https:\/\/mimyetcompagnie.ca\/wp-content\/uploads\/2025\/08\/1000049719-768x768.png 768w\" sizes=\"auto, (max-width: 1024px) 100vw, 1024px\" \/>\n                      <div class=\"h-image__frame h-hide-lg h-hide-md h-hide-sm style-592-frameImage style-local-648-c5-frameImage\"><\/div>\n                    <\/div>\n                  <\/div>\n                <\/div>\n              <\/div>\n            <\/div>\n          <\/div>\n        <\/div>\n      <\/div>\n    <\/div>\n  <\/div>\n<\/div>","protected":false},"excerpt":{"rendered":"<p>Tarifs et modalit\u00e9s de paiement Modalit\u00e9s du service &#8211; Chaque visite \u00e0 domicile dure environ 30 minutes. &#8211; Vous pouvez choisir la fr\u00e9quence qui convient le mieux \u00e0 votre compagnon :&nbsp;&nbsp; &nbsp;2 visites par jour, 1 visite par jour, 1 visite aux 2 jours ou 1 visite aux 3 jours. &#8211; Les visites sont g\u00e9n\u00e9ralement [&hellip;]<\/p>\n","protected":false},"author":1,"featured_media":0,"parent":0,"menu_order":0,"comment_status":"closed","ping_status":"closed","template":"page-templates\/full-width-page.php","meta":{"om_disable_all_campaigns":false,"_monsterinsights_skip_tracking":false,"_monsterinsights_sitenote_active":false,"_monsterinsights_sitenote_note":"","_monsterinsights_sitenote_category":0,"footnotes":""},"class_list":["post-648","page","type-page","status-publish","hentry"],"aioseo_notices":[],"_links":{"self":[{"href":"https:\/\/mimyetcompagnie.ca\/index.php?rest_route=\/wp\/v2\/pages\/648","targetHints":{"allow":["GET"]}}],"collection":[{"href":"https:\/\/mimyetcompagnie.ca\/index.php?rest_route=\/wp\/v2\/pages"}],"about":[{"href":"https:\/\/mimyetcompagnie.ca\/index.php?rest_route=\/wp\/v2\/types\/page"}],"author":[{"embeddable":true,"href":"https:\/\/mimyetcompagnie.ca\/index.php?rest_route=\/wp\/v2\/users\/1"}],"replies":[{"embeddable":true,"href":"https:\/\/mimyetcompagnie.ca\/index.php?rest_route=%2Fwp%2Fv2%2Fcomments&post=648"}],"version-history":[{"count":8,"href":"https:\/\/mimyetcompagnie.ca\/index.php?rest_route=\/wp\/v2\/pages\/648\/revisions"}],"predecessor-version":[{"id":1127,"href":"https:\/\/mimyetcompagnie.ca\/index.php?rest_route=\/wp\/v2\/pages\/648\/revisions\/1127"}],"wp:attachment":[{"href":"https:\/\/mimyetcompagnie.ca\/index.php?rest_route=%2Fwp%2Fv2%2Fmedia&parent=648"}],"curies":[{"name":"wp","href":"https:\/\/api.w.org\/{rel}","templated":true}]}}