{"id":660,"date":"2025-09-02T01:50:43","date_gmt":"2025-09-02T01:50:43","guid":{"rendered":"https:\/\/mimyetcompagnie.ca\/?page_id=660"},"modified":"2025-09-07T16:00:32","modified_gmt":"2025-09-07T16:00:32","slug":"tarifs-nettoyage-de-poulailler","status":"publish","type":"page","link":"https:\/\/mimyetcompagnie.ca\/?page_id=660","title":{"rendered":"Tarifs Nettoyage de Poulailler"},"content":{"rendered":"<div data-colibri-id=\"660-c1\" class=\"style-653 style-local-660-c1 position-relative\">\n  <!---->\n  <div data-colibri-component=\"section\" data-colibri-id=\"660-c2\" id=\"features\" class=\"h-section h-section-global-spacing d-flex align-items-lg-center align-items-md-center align-items-center style-654 style-local-660-c2 position-relative\">\n    <!---->\n    <!---->\n    <div class=\"h-section-grid-container h-section-boxed-container\">\n      <div data-colibri-id=\"660-c6\" class=\"h-row-container gutters-row-lg-2 gutters-row-md-2 gutters-row-0 gutters-row-v-lg-2 gutters-row-v-md-2 gutters-row-v-2 style-664 style-local-660-c6 position-relative\">\n        <!---->\n        <div class=\"h-row justify-content-lg-center justify-content-md-center justify-content-center align-items-lg-stretch align-items-md-stretch align-items-stretch gutters-col-lg-2 gutters-col-md-2 gutters-col-0 gutters-col-v-lg-2 gutters-col-v-md-2 gutters-col-v-2\">\n          <!---->\n          <div class=\"h-column h-column-container d-flex h-col-lg-auto h-col-md-auto h-col-auto style-665-outer style-local-660-c7-outer\">\n            <div data-colibri-id=\"660-c7\" class=\"d-flex h-flex-basis h-column__inner h-px-lg-2 h-px-md-2 h-px-2 v-inner-lg-2 v-inner-md-2 v-inner-2 style-665 style-local-660-c7 position-relative\">\n              <!---->\n              <!---->\n              <div class=\"w-100 h-y-container h-column__content h-column__v-align flex-basis-100 align-self-lg-start align-self-md-start align-self-start\">\n                <!---->\n                <div data-colibri-id=\"660-c8\" class=\"h-global-transition-all h-heading style-666 style-local-660-c8 position-relative h-element\">\n                  <!---->\n                  <div class=\"h-heading__outer style-666 style-local-660-c8\">\n                    <!---->\n                    <!---->\n                    <h2 class=\"\">Tarifs et Modalit\u00e9s de paiement<\/h2>\n                  <\/div>\n                <\/div>\n                <div data-colibri-id=\"660-c9\" class=\"h-lead h-text h-text-component style-667 style-local-660-c9 position-relative h-element\">\n                  <!---->\n                  <!---->\n                  <div class=\"\">\n                    <p>Modalit\u00e9s du service de Nettoyage de Poule\n                      <br>\n                      <br>Nombre de poules pris en charge\n                      <br>\n                    <\/p>\n                    <p>Le service est offert pour un poulailler comptant jusqu\u2019\u00e0 15 poules. Au-del\u00e0, un ajustement peut \u00eatre propos\u00e9 selon les besoins sp\u00e9cifiques.<\/p>\n                    <p>Mimy et Compagnie fournit :<\/p>\n                    <p>&#8211; Des produits de nettoyage doux et s\u00e9curitaires pour les poules&nbsp;&nbsp;<\/p>\n                    <p>&#8211; Tout le mat\u00e9riel n\u00e9cessaire \u00e0 l\u2019entretien du poulailler&nbsp;&nbsp;<\/p>\n                    <p>&#8211; Un antiparasitaire naturel appliqu\u00e9 \u00e0 la fin de chaque nettoyage<\/p>\n                    <p>\n                      <br>\n                    <\/p>\n                    <p>Deux types d\u2019interventions sont propos\u00e9s :<\/p>\n                    <p>&#8211; Petit nettoyage \u2013 1 fois par semaine&nbsp;&nbsp;<\/p>\n                    <p>&nbsp;Retrait des fientes, nettoyage des gamelles, entretien l\u00e9ger du poulailler<\/p>\n                    <p>&#8211; Grand nettoyage \u2013 1 fois par mois&nbsp;&nbsp;<\/p>\n                    <p>&nbsp;Nettoyage complet du poulailler avec remplacement int\u00e9gral de la liti\u00e8re. ***\n                      <br>\n                      <br>&#8212;&#8212;&#8212;&#8212;&#8212;&#8212;&#8212;&#8212;&#8212;&#8212;\n                      <br>Tarifs et Paiement\n                      <br>\n                      <br>\n                    <\/p>\n                    <p>Le Client s\u2019engage \u00e0 verser au Prestataire les montants suivants :<\/p>\n                    <p>&#8211; Petit nettoyage (1 fois par semaine) : 45 $ par visite&nbsp;&nbsp;<\/p>\n                    <p>&#8211; Grand nettoyage (1 fois par mois) : 95 $ par visite&nbsp;&nbsp;<\/p>\n                    <p>\n                      <br>\n                    <\/p>\n                    <p>Des frais de d\u00e9placement s\u2019applique pour les poulaillers situ\u00e9s \u00e0 plus de 5 km du si\u00e8ge de Mimy et Compagnie soit 0,72 $ du km selon l&#8217;itin\u00e9raire le plus direct de Google maps.<\/p>\n                    <p>\n                      <br>\n                    <\/p>\n                    <p>Soit&nbsp;\n                      <br>\n                    <\/p>\n                    <p>&nbsp;Option abonnement<\/p>\n                    <p>\n                      <br>\n                    <\/p>\n                    <p>Le Client peut choisir un forfait mensuel incluant :<\/p>\n                    <p>&#8211; 3 petits nettoyages<\/p>\n                    <p>&#8211; 1 grand nettoyage<\/p>\n                    <p>\n                      <br>\n                    <\/p>\n                    <p>Tarif du forfait : 215 $ CAD, payable \u00e0 la premi\u00e8re visite du mois. Une fois la prestation d\u00e9but\u00e9, elle ne sera pas rembours\u00e9 en cas d\u2019annulation des prochains services.<\/p>\n                    <p>\n                      <br>\n                    <\/p>\n                    <p>Le paiement peut \u00eatre effectu\u00e9 :<\/p>\n                    <p>&#8211; Par virement Interac<\/p>\n                    <p>&#8211; Ou en argent comptant, au moment de la visite<\/p>\n                    <p>\n                      <br>\n                    <\/p>\n                  <\/div>\n                <\/div>\n              <\/div>\n            <\/div>\n          <\/div>\n        <\/div>\n      <\/div>\n      <div data-colibri-id=\"660-c3\" class=\"h-row-container gutters-row-lg-2 gutters-row-md-2 gutters-row-2 gutters-row-v-lg-2 gutters-row-v-md-2 gutters-row-v-2 style-655 style-local-660-c3 position-relative\">\n        <!---->\n        <div class=\"h-row justify-content-lg-center justify-content-md-center justify-content-center align-items-lg-stretch align-items-md-stretch align-items-stretch gutters-col-lg-2 gutters-col-md-2 gutters-col-2 gutters-col-v-lg-2 gutters-col-v-md-2 gutters-col-v-2\">\n          <!---->\n          <div class=\"h-column h-column-container d-flex h-col-lg-4 h-col-md-6 h-col-12 style-656-outer style-local-660-c4-outer\">\n            <div data-colibri-id=\"660-c4\" class=\"d-flex h-flex-basis h-column__inner h-px-lg-0 h-px-md-0 h-px-0 v-inner-lg-0 v-inner-md-0 v-inner-0 style-656 style-local-660-c4 position-relative\">\n              <!---->\n              <!---->\n              <div class=\"w-100 h-y-container h-column__content h-column__v-align flex-basis-100 align-self-lg-start align-self-md-start align-self-start\">\n                <!---->\n                <div data-colibri-id=\"660-c5\" class=\"d-block style-657 style-local-660-c5 position-relative h-element\">\n                  <!---->\n                  <div class=\"h-image__frame-container-outer\">\n                    <div class=\"h-image__frame-container\">\n                      <!---->\n                      <!---->\n                      <img loading=\"lazy\" decoding=\"async\" width=\"1024\" height=\"1024\" src=\"http:\/\/mimyetcompagnie.ca\/wp-content\/uploads\/2025\/09\/1000049734.png\" class=\"wp-image-283 style-657-image style-local-660-c5-image\" alt=\"\" srcset=\"https:\/\/mimyetcompagnie.ca\/wp-content\/uploads\/2025\/09\/1000049734.png 1024w, https:\/\/mimyetcompagnie.ca\/wp-content\/uploads\/2025\/09\/1000049734-300x300.png 300w, https:\/\/mimyetcompagnie.ca\/wp-content\/uploads\/2025\/09\/1000049734-150x150.png 150w\" sizes=\"auto, (max-width: 1024px) 100vw, 1024px\" \/>\n                      <div class=\"h-image__frame h-hide-lg h-hide-md h-hide-sm style-657-frameImage style-local-660-c5-frameImage\"><\/div>\n                    <\/div>\n                  <\/div>\n                <\/div>\n              <\/div>\n            <\/div>\n          <\/div>\n        <\/div>\n      <\/div>\n    <\/div>\n  <\/div>\n<\/div>","protected":false},"excerpt":{"rendered":"<p>Tarifs et Modalit\u00e9s de paiement Modalit\u00e9s du service de Nettoyage de Poule Nombre de poules pris en charge Le service est offert pour un poulailler comptant jusqu\u2019\u00e0 15 poules. Au-del\u00e0, un ajustement peut \u00eatre propos\u00e9 selon les besoins sp\u00e9cifiques. Mimy et Compagnie fournit : &#8211; Des produits de nettoyage doux et s\u00e9curitaires pour les poules&nbsp;&nbsp; [&hellip;]<\/p>\n","protected":false},"author":1,"featured_media":0,"parent":0,"menu_order":0,"comment_status":"closed","ping_status":"closed","template":"page-templates\/full-width-page.php","meta":{"om_disable_all_campaigns":false,"_monsterinsights_skip_tracking":false,"_monsterinsights_sitenote_active":false,"_monsterinsights_sitenote_note":"","_monsterinsights_sitenote_category":0,"footnotes":""},"class_list":["post-660","page","type-page","status-publish","hentry"],"aioseo_notices":[],"_links":{"self":[{"href":"https:\/\/mimyetcompagnie.ca\/index.php?rest_route=\/wp\/v2\/pages\/660","targetHints":{"allow":["GET"]}}],"collection":[{"href":"https:\/\/mimyetcompagnie.ca\/index.php?rest_route=\/wp\/v2\/pages"}],"about":[{"href":"https:\/\/mimyetcompagnie.ca\/index.php?rest_route=\/wp\/v2\/types\/page"}],"author":[{"embeddable":true,"href":"https:\/\/mimyetcompagnie.ca\/index.php?rest_route=\/wp\/v2\/users\/1"}],"replies":[{"embeddable":true,"href":"https:\/\/mimyetcompagnie.ca\/index.php?rest_route=%2Fwp%2Fv2%2Fcomments&post=660"}],"version-history":[{"count":3,"href":"https:\/\/mimyetcompagnie.ca\/index.php?rest_route=\/wp\/v2\/pages\/660\/revisions"}],"predecessor-version":[{"id":845,"href":"https:\/\/mimyetcompagnie.ca\/index.php?rest_route=\/wp\/v2\/pages\/660\/revisions\/845"}],"wp:attachment":[{"href":"https:\/\/mimyetcompagnie.ca\/index.php?rest_route=%2Fwp%2Fv2%2Fmedia&parent=660"}],"curies":[{"name":"wp","href":"https:\/\/api.w.org\/{rel}","templated":true}]}}