{"id":662,"date":"2025-09-02T01:51:44","date_gmt":"2025-09-02T01:51:44","guid":{"rendered":"https:\/\/mimyetcompagnie.ca\/?page_id=662"},"modified":"2025-09-07T16:09:28","modified_gmt":"2025-09-07T16:09:28","slug":"tarifs-forfait-tout-inclus","status":"publish","type":"page","link":"https:\/\/mimyetcompagnie.ca\/?page_id=662","title":{"rendered":"Tarifs Forfait Tout Inclus"},"content":{"rendered":"<div data-colibri-id=\"662-c1\" class=\"style-690 style-local-662-c1 position-relative\">\n  <!---->\n  <div data-colibri-component=\"section\" data-colibri-id=\"662-c2\" id=\"features\" class=\"h-section h-section-global-spacing d-flex align-items-lg-center align-items-md-center align-items-center style-691 style-local-662-c2 position-relative\">\n    <!---->\n    <!---->\n    <div class=\"h-section-grid-container h-section-boxed-container\">\n      <div data-colibri-id=\"662-c28\" class=\"h-row-container gutters-row-lg-2 gutters-row-md-2 gutters-row-0 gutters-row-v-lg-2 gutters-row-v-md-2 gutters-row-v-2 style-701 style-local-662-c28 position-relative\">\n        <!---->\n        <div class=\"h-row justify-content-lg-center justify-content-md-center justify-content-center align-items-lg-stretch align-items-md-stretch align-items-stretch gutters-col-lg-2 gutters-col-md-2 gutters-col-0 gutters-col-v-lg-2 gutters-col-v-md-2 gutters-col-v-2\">\n          <!---->\n          <div class=\"h-column h-column-container d-flex h-col-lg-auto h-col-md-auto h-col-auto style-702-outer style-local-662-c29-outer\">\n            <div data-colibri-id=\"662-c29\" class=\"d-flex h-flex-basis h-column__inner h-px-lg-2 h-px-md-2 h-px-2 v-inner-lg-2 v-inner-md-2 v-inner-2 style-702 style-local-662-c29 position-relative\">\n              <!---->\n              <!---->\n              <div class=\"w-100 h-y-container h-column__content h-column__v-align flex-basis-100 align-self-lg-start align-self-md-start align-self-start\">\n                <!---->\n                <div data-colibri-id=\"662-c30\" class=\"h-global-transition-all h-heading style-703 style-local-662-c30 position-relative h-element\">\n                  <!---->\n                  <div class=\"h-heading__outer style-703 style-local-662-c30\">\n                    <!---->\n                    <!---->\n                    <h2 class=\"\">Tarifs et Modalit\u00e9s de paiement<\/h2>\n                  <\/div>\n                <\/div>\n                <div data-colibri-id=\"662-c31\" class=\"h-lead h-text h-text-component style-704 style-local-662-c31 position-relative h-element\">\n                  <!---->\n                  <!---->\n                  <div class=\"\">\n                    <p>Un service complet et personnalis\u00e9 pour prendre soin de vos animaux, selon vos besoins et votre rythme.<\/p>\n                    <p>\n                      <br>\n                    <\/p>\n                    <p>&nbsp;Ce que le service peut inclure :<\/p>\n                    <p>&#8211; Sortie ou promenade de votre chien&nbsp;&nbsp;<\/p>\n                    <p>&#8211; Nettoyage de la cage du lapin&nbsp;&nbsp;<\/p>\n                    <p>&#8211; Nettoyage de la liti\u00e8re du chat&nbsp;&nbsp;<\/p>\n                    <p>&#8211; Petits achats pour votre animal (si l\u2019\u00e9picerie est \u00e0 proximit\u00e9)&nbsp;&nbsp;<\/p>\n                    <p>&#8211; Lavage de votre chien (selon les conditions et le mat\u00e9riel disponible)<\/p>\n                    <p>&#8211; etc..<\/p>\n                    <p>&nbsp;La dur\u00e9e du service est d\u00e9termin\u00e9e ensemble : 1h ou 1h30, selon les t\u00e2ches \u00e0 effectuer. Je vous conseille honn\u00eatement sur ce qui est r\u00e9aliste dans le temps imparti.<\/p>\n                    <p>\n                      <br>\n                    <\/p>\n                    <p>&nbsp;Fr\u00e9quence au choix :<\/p>\n                    <p>&#8211; Chaque semaine&nbsp;&nbsp;<\/p>\n                    <p>&#8211; Toutes les deux semaines&nbsp;&nbsp;<\/p>\n                    <p>&#8211; Une fois par mois<\/p>\n                    <p>\n                      <br>\n                    <\/p>\n                    <p>&nbsp;Option service de&nbsp;Livraison&nbsp;<\/p>\n                    <p>\n                      <br>\n                    <\/p>\n                    <p>Si vous avez besoin de produits sp\u00e9cifiques en animalerie, vous pouvez ajouter le service de livraison :<\/p>\n                    <p>\n                      <br>\n                    <\/p>\n                    <p>&#8211; Tarif r\u00e9duit : 10 $ au lieu de 15 $&nbsp;&nbsp;<\/p>\n                    <p>&#8211; Livraison effectu\u00e9e le jour du service tout inclus. Voir les modalit\u00e9s dans l&#8217;onglet : service de livraison&nbsp;<\/p>\n                    <p>\n                      <br>\n                    <\/p>\n                    <p>Ce service est con\u00e7u pour vous simplifier la vie tout en assurant le bien-\u00eatre de vos compagnons. On discute ensemble de vos besoins, et je m\u2019adapte avec plaisir\n                      <br>\n                      <br>&#8212;&#8212;&#8212;&#8212;&#8212;&#8212;&#8212;&#8212;-\n                      <br>Tarifs&nbsp;\n                      <br>\n                      <br>Le tarif pour le service tout inclus<\/p>\n                    <p>&nbsp;1h : 60 $ + 0.72 $\/km suppl\u00e9mentaires au dela de 5km<\/p>\n                    <p>&nbsp;1h30 : 85 $ + 0.72 $\/km suppl\u00e9mentaires au dela de 5km.<\/p>\n                    <p>\n                      <br>\n                    <\/p>\n                    <p>Pour 1 service par semaine de 1h, une remise de 10 $ pour 4 visites soit : 230 $ + frais au kilom\u00e8tre si au dela de 5km<\/p>\n                    <p>Pour 1 service par semaine de 1h30, une remise de 15 $ pour 4 visites soit : 325 $ + frais au kilom\u00e8tre si au dela de 5km<\/p>\n                    <p>\n                      <br>\n                    <\/p>\n                    <p>Le paiement est exig\u00e9 au 1er jour et en totalit\u00e9 si contrat pour 4 visites et non remboursable en cas d\u2019annulation.<\/p>\n                    <p>\n                      <br>\n                    <\/p>\n                    <p>Paiement comptant ou virement interac.<\/p>\n                    <p>\n                      <br>\n                    <\/p>\n                  <\/div>\n                <\/div>\n              <\/div>\n            <\/div>\n          <\/div>\n        <\/div>\n      <\/div>\n      <div data-colibri-id=\"662-c3\" class=\"h-row-container gutters-row-lg-2 gutters-row-md-2 gutters-row-2 gutters-row-v-lg-2 gutters-row-v-md-2 gutters-row-v-2 style-692 style-local-662-c3 position-relative\">\n        <!---->\n        <div class=\"h-row justify-content-lg-center justify-content-md-center justify-content-center align-items-lg-stretch align-items-md-stretch align-items-stretch gutters-col-lg-2 gutters-col-md-2 gutters-col-2 gutters-col-v-lg-2 gutters-col-v-md-2 gutters-col-v-2\">\n          <!---->\n          <div class=\"h-column h-column-container d-flex h-col-lg-4 h-col-md-6 h-col-12 style-693-outer style-local-662-c4-outer\">\n            <div data-colibri-id=\"662-c4\" class=\"d-flex h-flex-basis h-column__inner h-px-lg-0 h-px-md-0 h-px-0 v-inner-lg-0 v-inner-md-0 v-inner-0 style-693 style-local-662-c4 position-relative\">\n              <!---->\n              <!---->\n              <div class=\"w-100 h-y-container h-column__content h-column__v-align flex-basis-100 align-self-lg-start align-self-md-start align-self-start\">\n                <!---->\n                <div data-colibri-id=\"662-c5\" class=\"d-block style-694 style-local-662-c5 position-relative h-element\">\n                  <!---->\n                  <div class=\"h-image__frame-container-outer\">\n                    <div class=\"h-image__frame-container\">\n                      <!---->\n                      <!---->\n                      <img loading=\"lazy\" decoding=\"async\" width=\"1024\" height=\"1024\" src=\"http:\/\/mimyetcompagnie.ca\/wp-content\/uploads\/2025\/08\/1000049717.png\" class=\"wp-image-109 style-694-image style-local-662-c5-image\" alt=\"\" srcset=\"https:\/\/mimyetcompagnie.ca\/wp-content\/uploads\/2025\/08\/1000049717.png 1024w, https:\/\/mimyetcompagnie.ca\/wp-content\/uploads\/2025\/08\/1000049717-300x300.png 300w, https:\/\/mimyetcompagnie.ca\/wp-content\/uploads\/2025\/08\/1000049717-150x150.png 150w, https:\/\/mimyetcompagnie.ca\/wp-content\/uploads\/2025\/08\/1000049717-768x768.png 768w\" sizes=\"auto, (max-width: 1024px) 100vw, 1024px\" \/>\n                      <div class=\"h-image__frame h-hide-lg h-hide-md h-hide-sm style-694-frameImage style-local-662-c5-frameImage\"><\/div>\n                    <\/div>\n                  <\/div>\n                <\/div>\n              <\/div>\n            <\/div>\n          <\/div>\n        <\/div>\n      <\/div>\n    <\/div>\n  <\/div>\n<\/div>","protected":false},"excerpt":{"rendered":"<p>Tarifs et Modalit\u00e9s de paiement Un service complet et personnalis\u00e9 pour prendre soin de vos animaux, selon vos besoins et votre rythme. &nbsp;Ce que le service peut inclure : &#8211; Sortie ou promenade de votre chien&nbsp;&nbsp; &#8211; Nettoyage de la cage du lapin&nbsp;&nbsp; &#8211; Nettoyage de la liti\u00e8re du chat&nbsp;&nbsp; &#8211; Petits achats pour votre [&hellip;]<\/p>\n","protected":false},"author":1,"featured_media":0,"parent":0,"menu_order":0,"comment_status":"closed","ping_status":"closed","template":"page-templates\/full-width-page.php","meta":{"om_disable_all_campaigns":false,"_monsterinsights_skip_tracking":false,"_monsterinsights_sitenote_active":false,"_monsterinsights_sitenote_note":"","_monsterinsights_sitenote_category":0,"footnotes":""},"class_list":["post-662","page","type-page","status-publish","hentry"],"aioseo_notices":[],"_links":{"self":[{"href":"https:\/\/mimyetcompagnie.ca\/index.php?rest_route=\/wp\/v2\/pages\/662","targetHints":{"allow":["GET"]}}],"collection":[{"href":"https:\/\/mimyetcompagnie.ca\/index.php?rest_route=\/wp\/v2\/pages"}],"about":[{"href":"https:\/\/mimyetcompagnie.ca\/index.php?rest_route=\/wp\/v2\/types\/page"}],"author":[{"embeddable":true,"href":"https:\/\/mimyetcompagnie.ca\/index.php?rest_route=\/wp\/v2\/users\/1"}],"replies":[{"embeddable":true,"href":"https:\/\/mimyetcompagnie.ca\/index.php?rest_route=%2Fwp%2Fv2%2Fcomments&post=662"}],"version-history":[{"count":2,"href":"https:\/\/mimyetcompagnie.ca\/index.php?rest_route=\/wp\/v2\/pages\/662\/revisions"}],"predecessor-version":[{"id":878,"href":"https:\/\/mimyetcompagnie.ca\/index.php?rest_route=\/wp\/v2\/pages\/662\/revisions\/878"}],"wp:attachment":[{"href":"https:\/\/mimyetcompagnie.ca\/index.php?rest_route=%2Fwp%2Fv2%2Fmedia&parent=662"}],"curies":[{"name":"wp","href":"https:\/\/api.w.org\/{rel}","templated":true}]}}