{"id":664,"date":"2025-09-02T01:52:17","date_gmt":"2025-09-02T01:52:17","guid":{"rendered":"https:\/\/mimyetcompagnie.ca\/?page_id=664"},"modified":"2025-09-07T16:00:57","modified_gmt":"2025-09-07T16:00:57","slug":"tarifs-promenade-de-chien","status":"publish","type":"page","link":"https:\/\/mimyetcompagnie.ca\/?page_id=664","title":{"rendered":"Tarifs Promenade de Chien"},"content":{"rendered":"<div data-colibri-id=\"664-c1\" class=\"style-605 style-local-664-c1 position-relative\">\n  <!---->\n  <div data-colibri-component=\"section\" data-colibri-id=\"664-c2\" id=\"features\" class=\"h-section h-section-global-spacing d-flex align-items-lg-center align-items-md-center align-items-center style-606 style-local-664-c2 position-relative\">\n    <!---->\n    <!---->\n    <div class=\"h-section-grid-container h-section-boxed-container\">\n      <div data-colibri-id=\"664-c6\" class=\"h-row-container gutters-row-lg-2 gutters-row-md-2 gutters-row-0 gutters-row-v-lg-2 gutters-row-v-md-2 gutters-row-v-2 style-616 style-local-664-c6 position-relative\">\n        <!---->\n        <div class=\"h-row justify-content-lg-center justify-content-md-center justify-content-center align-items-lg-stretch align-items-md-stretch align-items-stretch gutters-col-lg-2 gutters-col-md-2 gutters-col-0 gutters-col-v-lg-2 gutters-col-v-md-2 gutters-col-v-2\">\n          <!---->\n          <div class=\"h-column h-column-container d-flex h-col-lg-auto h-col-md-auto h-col-auto style-617-outer style-local-664-c7-outer\">\n            <div data-colibri-id=\"664-c7\" class=\"d-flex h-flex-basis h-column__inner h-px-lg-2 h-px-md-2 h-px-2 v-inner-lg-2 v-inner-md-2 v-inner-2 style-617 style-local-664-c7 position-relative\">\n              <!---->\n              <!---->\n              <div class=\"w-100 h-y-container h-column__content h-column__v-align flex-basis-100 align-self-lg-start align-self-md-start align-self-start\">\n                <!---->\n                <div data-colibri-id=\"664-c8\" class=\"h-global-transition-all h-heading style-618 style-local-664-c8 position-relative h-element\">\n                  <!---->\n                  <div class=\"h-heading__outer style-618 style-local-664-c8\">\n                    <!---->\n                    <!---->\n                    <h2 class=\"\">Modalit\u00e9s du services et tarif<\/h2>\n                  <\/div>\n                <\/div>\n                <div data-colibri-id=\"664-c9\" class=\"h-lead h-text h-text-component style-619 style-local-664-c9 position-relative h-element\">\n                  <!---->\n                  <!---->\n                  <div class=\"\">\n                    <p>&nbsp;Modalit\u00e9s du service<\/p>\n                    <p>\n                      <br>\n                    <\/p>\n                    <p>&#8211; Les promenades durent 30 minutes et peuvent inclure jusqu\u2019\u00e0 deux chiens, selon leur taille et leur comportement.<\/p>\n                    <p>&#8211; Pour des raisons de s\u00e9curit\u00e9, je ne prends en charge que les chiens calmes, sociables et non agressifs envers les humains ou leurs cong\u00e9n\u00e8res.<\/p>\n                    <p>&#8211; Je ne peux pas promener les chiens trop lourds ou qui tirent fortement sur la laisse, afin d\u2019assurer ma s\u00e9curit\u00e9 et celle des autres.<\/p>\n                    <p>&#8211; Si les conditions ne sont pas optimales (comportement du chien, etc.), je me r\u00e9serve le droit d\u2019annuler la promenade.<\/p>\n                    <p>&#8211; Il est \u00e9galement possible d\u2019opter pour une sortie dans votre jardin, afin que votre chien puisse se d\u00e9gourdir les pattes et faire ses besoins. Je reste pr\u00e9sente pendant les 30 minutes, comme pour une promenade classique.<\/p>\n                    <p>&#8211; Le tarif est identique pour les deux types de prestations.\n                      <br>\n                      <br>&#8212;&#8212;&#8212;&#8212;&#8212;&#8212;&#8212;&#8212;\n                      <br>Tarifs\n                      <br>\n                      <br>25 $ par promenade individuelle ou sortie dans le jardin<\/p>\n                    <p>&#8211; un suppl\u00e9ment de 10 $ pour un 2eme chien&nbsp;\n                      <br>\n                      <br><span style=\"color: rgb(37, 41, 42); font-family: &quot;Open Sans&quot;; font-size: 20px; font-weight: 300;\">&#8211; Frais de d\u00e9placement : 0,72$ \/ Km au del\u00e0 de 5km de l&#8217;adresse de la compagnie<\/span><\/p>\n                    <p>&#8211; Paiement par virement Interac ou argent comptant, \u00e0 effectuer au d\u00e9but de la prestation.<\/p>\n                    <p>\n                      <br>\n                    <\/p>\n                    <p>\n                      <br>\n                    <\/p>\n                  <\/div>\n                <\/div>\n              <\/div>\n            <\/div>\n          <\/div>\n        <\/div>\n      <\/div>\n      <div data-colibri-id=\"664-c3\" class=\"h-row-container gutters-row-lg-2 gutters-row-md-2 gutters-row-2 gutters-row-v-lg-2 gutters-row-v-md-2 gutters-row-v-2 style-607 style-local-664-c3 position-relative\">\n        <!---->\n        <div class=\"h-row justify-content-lg-center justify-content-md-center justify-content-center align-items-lg-stretch align-items-md-stretch align-items-stretch gutters-col-lg-2 gutters-col-md-2 gutters-col-2 gutters-col-v-lg-2 gutters-col-v-md-2 gutters-col-v-2\">\n          <!---->\n          <div class=\"h-column h-column-container d-flex h-col-lg-4 h-col-md-6 h-col-12 style-608-outer style-local-664-c4-outer\">\n            <div data-colibri-id=\"664-c4\" class=\"d-flex h-flex-basis h-column__inner h-px-lg-0 h-px-md-0 h-px-0 v-inner-lg-0 v-inner-md-0 v-inner-0 style-608 style-local-664-c4 position-relative\">\n              <!---->\n              <!---->\n              <div class=\"w-100 h-y-container h-column__content h-column__v-align flex-basis-100 align-self-lg-start align-self-md-start align-self-start\">\n                <!---->\n                <div data-colibri-id=\"664-c5\" class=\"d-block style-609 style-local-664-c5 position-relative h-element\">\n                  <!---->\n                  <div class=\"h-image__frame-container-outer\">\n                    <div class=\"h-image__frame-container\">\n                      <!---->\n                      <!---->\n                      <img loading=\"lazy\" decoding=\"async\" width=\"1024\" height=\"1024\" src=\"http:\/\/mimyetcompagnie.ca\/wp-content\/uploads\/2025\/09\/1000049735.png\" class=\"wp-image-299 style-609-image style-local-664-c5-image\" alt=\"\" srcset=\"https:\/\/mimyetcompagnie.ca\/wp-content\/uploads\/2025\/09\/1000049735.png 1024w, https:\/\/mimyetcompagnie.ca\/wp-content\/uploads\/2025\/09\/1000049735-300x300.png 300w, https:\/\/mimyetcompagnie.ca\/wp-content\/uploads\/2025\/09\/1000049735-150x150.png 150w, https:\/\/mimyetcompagnie.ca\/wp-content\/uploads\/2025\/09\/1000049735-768x768.png 768w\" sizes=\"auto, (max-width: 1024px) 100vw, 1024px\" \/>\n                      <div class=\"h-image__frame h-hide-lg h-hide-md h-hide-sm style-609-frameImage style-local-664-c5-frameImage\"><\/div>\n                    <\/div>\n                  <\/div>\n                <\/div>\n              <\/div>\n            <\/div>\n          <\/div>\n        <\/div>\n      <\/div>\n    <\/div>\n  <\/div>\n<\/div>","protected":false},"excerpt":{"rendered":"<p>Modalit\u00e9s du services et tarif &nbsp;Modalit\u00e9s du service &#8211; Les promenades durent 30 minutes et peuvent inclure jusqu\u2019\u00e0 deux chiens, selon leur taille et leur comportement. &#8211; Pour des raisons de s\u00e9curit\u00e9, je ne prends en charge que les chiens calmes, sociables et non agressifs envers les humains ou leurs cong\u00e9n\u00e8res. &#8211; Je ne peux [&hellip;]<\/p>\n","protected":false},"author":1,"featured_media":0,"parent":0,"menu_order":0,"comment_status":"closed","ping_status":"closed","template":"page-templates\/full-width-page.php","meta":{"om_disable_all_campaigns":false,"_monsterinsights_skip_tracking":false,"_monsterinsights_sitenote_active":false,"_monsterinsights_sitenote_note":"","_monsterinsights_sitenote_category":0,"footnotes":""},"class_list":["post-664","page","type-page","status-publish","hentry"],"aioseo_notices":[],"_links":{"self":[{"href":"https:\/\/mimyetcompagnie.ca\/index.php?rest_route=\/wp\/v2\/pages\/664","targetHints":{"allow":["GET"]}}],"collection":[{"href":"https:\/\/mimyetcompagnie.ca\/index.php?rest_route=\/wp\/v2\/pages"}],"about":[{"href":"https:\/\/mimyetcompagnie.ca\/index.php?rest_route=\/wp\/v2\/types\/page"}],"author":[{"embeddable":true,"href":"https:\/\/mimyetcompagnie.ca\/index.php?rest_route=\/wp\/v2\/users\/1"}],"replies":[{"embeddable":true,"href":"https:\/\/mimyetcompagnie.ca\/index.php?rest_route=%2Fwp%2Fv2%2Fcomments&post=664"}],"version-history":[{"count":6,"href":"https:\/\/mimyetcompagnie.ca\/index.php?rest_route=\/wp\/v2\/pages\/664\/revisions"}],"predecessor-version":[{"id":852,"href":"https:\/\/mimyetcompagnie.ca\/index.php?rest_route=\/wp\/v2\/pages\/664\/revisions\/852"}],"wp:attachment":[{"href":"https:\/\/mimyetcompagnie.ca\/index.php?rest_route=%2Fwp%2Fv2%2Fmedia&parent=664"}],"curies":[{"name":"wp","href":"https:\/\/api.w.org\/{rel}","templated":true}]}}