{"id":666,"date":"2025-09-02T01:52:36","date_gmt":"2025-09-02T01:52:36","guid":{"rendered":"https:\/\/mimyetcompagnie.ca\/?page_id=666"},"modified":"2025-09-07T18:56:58","modified_gmt":"2025-09-07T18:56:58","slug":"tarifs-lavage-de-chien","status":"publish","type":"page","link":"https:\/\/mimyetcompagnie.ca\/?page_id=666","title":{"rendered":"Tarifs Lavage de Chien"},"content":{"rendered":"<div data-colibri-id=\"666-c1\" class=\"style-620 style-local-666-c1 position-relative\">\n  <!---->\n  <div data-colibri-component=\"section\" data-colibri-id=\"666-c2\" id=\"features\" class=\"h-section h-section-global-spacing d-flex align-items-lg-center align-items-md-center align-items-center style-621 style-local-666-c2 position-relative\">\n    <!---->\n    <!---->\n    <div class=\"h-section-grid-container h-section-boxed-container\">\n      <div data-colibri-id=\"666-c6\" class=\"h-row-container gutters-row-lg-2 gutters-row-md-2 gutters-row-0 gutters-row-v-lg-2 gutters-row-v-md-2 gutters-row-v-2 style-631 style-local-666-c6 position-relative\">\n        <!---->\n        <div class=\"h-row justify-content-lg-center justify-content-md-center justify-content-center align-items-lg-stretch align-items-md-stretch align-items-stretch gutters-col-lg-2 gutters-col-md-2 gutters-col-0 gutters-col-v-lg-2 gutters-col-v-md-2 gutters-col-v-2\">\n          <!---->\n          <div class=\"h-column h-column-container d-flex h-col-lg-auto h-col-md-auto h-col-auto style-632-outer style-local-666-c7-outer\">\n            <div data-colibri-id=\"666-c7\" class=\"d-flex h-flex-basis h-column__inner h-px-lg-2 h-px-md-2 h-px-2 v-inner-lg-2 v-inner-md-2 v-inner-2 style-632 style-local-666-c7 position-relative\">\n              <!---->\n              <!---->\n              <div class=\"w-100 h-y-container h-column__content h-column__v-align flex-basis-100 align-self-lg-start align-self-md-start align-self-start\">\n                <!---->\n                <div data-colibri-id=\"666-c8\" class=\"h-global-transition-all h-heading style-633 style-local-666-c8 position-relative h-element\">\n                  <!---->\n                  <div class=\"h-heading__outer style-633 style-local-666-c8\">\n                    <!---->\n                    <!---->\n                    <h2 class=\"\">Tarif et Modalit\u00e9s de Paiement<\/h2>\n                  <\/div>\n                <\/div>\n                <div data-colibri-id=\"666-c9\" class=\"h-lead h-text h-text-component style-634 style-local-666-c9 position-relative h-element\">\n                  <!---->\n                  <!---->\n                  <div class=\"\">\n                    <p>&nbsp;Modalit\u00e9s du service de lavage<\/p>\n                    <p>\n                      <br>\n                    <\/p>\n                    <p>Le service propos\u00e9 consiste en un lavage \u00e0 l\u2019eau ti\u00e8de avec un shampoing doux pour peau sensible, fourni par Mimy et Compagnie. Il inclut \u00e9galement un brossage l\u00e9ger et un s\u00e9chage \u00e0 la serviette ou au s\u00e9choir, selon les pr\u00e9f\u00e9rences\n                      du client.<\/p>\n                    <p>\n                      <br>\n                    <\/p>\n                    <p>Le client est responsable de fournir :<\/p>\n                    <p>&#8211; Un lieu adapt\u00e9 au lavage (ex. : salle de bain)<\/p>\n                    <p>&#8211; Les serviettes n\u00e9cessaires<\/p>\n                    <p>&#8211; Un s\u00e9choir, si souhait\u00e9<\/p>\n                    <p>\n                      <br>\n                    <\/p>\n                    <p>Aucun mat\u00e9riel de contention n\u2019est utilis\u00e9 durant le service. Il est donc essentiel que le chien soit calme et non agressif.&nbsp;&nbsp;<\/p>\n                    <p>En cas de comportement \u00e0 risque (tentatives de morsure, agitation excessive), Mimy et Compagnie se r\u00e9serve le droit d\u2019interrompre ou d\u2019annuler la prestation pour des raisons de s\u00e9curit\u00e9.&nbsp;&nbsp;<\/p>\n                    <p>Le client doit s\u2019assurer que son animal est apte \u00e0 recevoir le service dans des conditions s\u00e9curitaires\n                      <br>\n                      <br>\n                      <br>Tarifs et paiement<\/p>\n                    <p>&#8211; Tarif du lavage :&nbsp;<\/p>\n                    <p>&nbsp;&nbsp;&nbsp;Petit chien &#8211; 15 kg : 30 $<\/p>\n                    <p>&nbsp;&nbsp;&nbsp;Moyen chien 15-30 kg : 40 $<\/p>\n                    <p>&nbsp;&nbsp;&nbsp;Grand chien + 30kg : 50 $<\/p>\n                    <p>&nbsp;&nbsp;&nbsp;&nbsp;<\/p>\n                    <p>&#8211; Modes de paiement : Virement Interac ou argent comptant&nbsp;&nbsp;<\/p>\n                    <p>&#8211; Frais de d\u00e9placement : 0,72$ \/ Km au del\u00e0 de 5km de l&#8217;adresse de la compagnie<\/p>\n                    <p>\n                      <br>\n                    <\/p>\n                    <p>\n                      <br>\n                    <\/p>\n                  <\/div>\n                <\/div>\n              <\/div>\n            <\/div>\n          <\/div>\n        <\/div>\n      <\/div>\n      <div data-colibri-id=\"666-c3\" class=\"h-row-container gutters-row-lg-2 gutters-row-md-2 gutters-row-2 gutters-row-v-lg-2 gutters-row-v-md-2 gutters-row-v-2 style-622 style-local-666-c3 position-relative\">\n        <!---->\n        <div class=\"h-row justify-content-lg-center justify-content-md-center justify-content-center align-items-lg-stretch align-items-md-stretch align-items-stretch gutters-col-lg-2 gutters-col-md-2 gutters-col-2 gutters-col-v-lg-2 gutters-col-v-md-2 gutters-col-v-2\">\n          <!---->\n          <div class=\"h-column h-column-container d-flex h-col-lg-4 h-col-md-6 h-col-12 style-623-outer style-local-666-c4-outer\">\n            <div data-colibri-id=\"666-c4\" class=\"d-flex h-flex-basis h-column__inner h-px-lg-0 h-px-md-0 h-px-0 v-inner-lg-0 v-inner-md-0 v-inner-0 style-623 style-local-666-c4 position-relative\">\n              <!---->\n              <!---->\n              <div class=\"w-100 h-y-container h-column__content h-column__v-align flex-basis-100 align-self-lg-start align-self-md-start align-self-start\">\n                <!---->\n                <div data-colibri-id=\"666-c5\" class=\"d-block style-624 style-local-666-c5 position-relative h-element\">\n                  <!---->\n                  <div class=\"h-image__frame-container-outer\">\n                    <div class=\"h-image__frame-container\">\n                      <!---->\n                      <!---->\n                      <img loading=\"lazy\" decoding=\"async\" width=\"1024\" height=\"1024\" src=\"http:\/\/mimyetcompagnie.ca\/wp-content\/uploads\/2025\/09\/1000049737-1.png\" class=\"wp-image-298 style-624-image style-local-666-c5-image\" alt=\"\" srcset=\"https:\/\/mimyetcompagnie.ca\/wp-content\/uploads\/2025\/09\/1000049737-1.png 1024w, https:\/\/mimyetcompagnie.ca\/wp-content\/uploads\/2025\/09\/1000049737-1-300x300.png 300w, https:\/\/mimyetcompagnie.ca\/wp-content\/uploads\/2025\/09\/1000049737-1-150x150.png 150w, https:\/\/mimyetcompagnie.ca\/wp-content\/uploads\/2025\/09\/1000049737-1-768x768.png 768w\" sizes=\"auto, (max-width: 1024px) 100vw, 1024px\" \/>\n                      <div class=\"h-image__frame h-hide-lg h-hide-md h-hide-sm style-624-frameImage style-local-666-c5-frameImage\"><\/div>\n                    <\/div>\n                  <\/div>\n                <\/div>\n              <\/div>\n            <\/div>\n          <\/div>\n        <\/div>\n      <\/div>\n    <\/div>\n  <\/div>\n<\/div>","protected":false},"excerpt":{"rendered":"<p>Tarif et Modalit\u00e9s de Paiement &nbsp;Modalit\u00e9s du service de lavage Le service propos\u00e9 consiste en un lavage \u00e0 l\u2019eau ti\u00e8de avec un shampoing doux pour peau sensible, fourni par Mimy et Compagnie. Il inclut \u00e9galement un brossage l\u00e9ger et un s\u00e9chage \u00e0 la serviette ou au s\u00e9choir, selon les pr\u00e9f\u00e9rences du client. Le client est [&hellip;]<\/p>\n","protected":false},"author":1,"featured_media":0,"parent":0,"menu_order":0,"comment_status":"closed","ping_status":"closed","template":"page-templates\/full-width-page.php","meta":{"om_disable_all_campaigns":false,"_monsterinsights_skip_tracking":false,"_monsterinsights_sitenote_active":false,"_monsterinsights_sitenote_note":"","_monsterinsights_sitenote_category":0,"footnotes":""},"class_list":["post-666","page","type-page","status-publish","hentry"],"aioseo_notices":[],"_links":{"self":[{"href":"https:\/\/mimyetcompagnie.ca\/index.php?rest_route=\/wp\/v2\/pages\/666","targetHints":{"allow":["GET"]}}],"collection":[{"href":"https:\/\/mimyetcompagnie.ca\/index.php?rest_route=\/wp\/v2\/pages"}],"about":[{"href":"https:\/\/mimyetcompagnie.ca\/index.php?rest_route=\/wp\/v2\/types\/page"}],"author":[{"embeddable":true,"href":"https:\/\/mimyetcompagnie.ca\/index.php?rest_route=\/wp\/v2\/users\/1"}],"replies":[{"embeddable":true,"href":"https:\/\/mimyetcompagnie.ca\/index.php?rest_route=%2Fwp%2Fv2%2Fcomments&post=666"}],"version-history":[{"count":6,"href":"https:\/\/mimyetcompagnie.ca\/index.php?rest_route=\/wp\/v2\/pages\/666\/revisions"}],"predecessor-version":[{"id":1055,"href":"https:\/\/mimyetcompagnie.ca\/index.php?rest_route=\/wp\/v2\/pages\/666\/revisions\/1055"}],"wp:attachment":[{"href":"https:\/\/mimyetcompagnie.ca\/index.php?rest_route=%2Fwp%2Fv2%2Fmedia&parent=666"}],"curies":[{"name":"wp","href":"https:\/\/api.w.org\/{rel}","templated":true}]}}