{"id":668,"date":"2025-09-02T01:52:55","date_gmt":"2025-09-02T01:52:55","guid":{"rendered":"https:\/\/mimyetcompagnie.ca\/?page_id=668"},"modified":"2025-09-07T18:58:49","modified_gmt":"2025-09-07T18:58:49","slug":"tarifs-service-de-livraison","status":"publish","type":"page","link":"https:\/\/mimyetcompagnie.ca\/?page_id=668","title":{"rendered":"Tarifs Service de Livraison"},"content":{"rendered":"<div data-colibri-id=\"668-c1\" class=\"style-711 style-local-668-c1 position-relative\">\n  <!---->\n  <div data-colibri-component=\"section\" data-colibri-id=\"668-c2\" id=\"features\" class=\"h-section h-section-global-spacing d-flex align-items-lg-center align-items-md-center align-items-center style-712 style-local-668-c2 position-relative\">\n    <!---->\n    <!---->\n    <div class=\"h-section-grid-container h-section-boxed-container\">\n      <div data-colibri-id=\"668-c6\" class=\"h-row-container gutters-row-lg-2 gutters-row-md-2 gutters-row-0 gutters-row-v-lg-2 gutters-row-v-md-2 gutters-row-v-2 style-722 style-local-668-c6 position-relative\">\n        <!---->\n        <div class=\"h-row justify-content-lg-center justify-content-md-center justify-content-center align-items-lg-stretch align-items-md-stretch align-items-stretch gutters-col-lg-2 gutters-col-md-2 gutters-col-0 gutters-col-v-lg-2 gutters-col-v-md-2 gutters-col-v-2\">\n          <!---->\n          <div class=\"h-column h-column-container d-flex h-col-lg-auto h-col-md-auto h-col-auto style-723-outer style-local-668-c7-outer\">\n            <div data-colibri-id=\"668-c7\" class=\"d-flex h-flex-basis h-column__inner h-px-lg-2 h-px-md-2 h-px-2 v-inner-lg-2 v-inner-md-2 v-inner-2 style-723 style-local-668-c7 position-relative\">\n              <!---->\n              <!---->\n              <div class=\"w-100 h-y-container h-column__content h-column__v-align flex-basis-100 align-self-lg-start align-self-md-start align-self-start\">\n                <!---->\n                <div data-colibri-id=\"668-c8\" class=\"h-global-transition-all h-heading style-724 style-local-668-c8 position-relative h-element\">\n                  <!---->\n                  <div class=\"h-heading__outer style-724 style-local-668-c8\">\n                    <!---->\n                    <!---->\n                    <h2 class=\"\">Tarifs et Modalit\u00e9s de paiement<\/h2>\n                  <\/div>\n                <\/div>\n                <div data-colibri-id=\"668-c9\" class=\"h-lead h-text h-text-component style-725 style-local-668-c9 position-relative h-element\">\n                  <!---->\n                  <!---->\n                  <div class=\"\">\n                    <p>Achat et livraison de produits pour animaux<\/p>\n                    <p>\n                      <br>\n                    <\/p>\n                    <p>&#8212;&#8212;&#8212;&#8212;&#8212;&#8211;\n                      <br>Tarifs\n                      <br>\n                      <br><span>Le Client verse un montant estim\u00e9 correspondant au co\u00fbt approximatif des achats.&nbsp;&nbsp;<\/span><\/p>\n                    <p><span>&nbsp;&#8211; Si le montant vers\u00e9 est sup\u00e9rieur au total r\u00e9el, je m\u2019engage \u00e0 rembourser le trop-per\u00e7u sur pr\u00e9sentation du re\u00e7u ou de la facture.&nbsp;&nbsp;<\/span><\/p>\n                    <p><span>&nbsp;&#8211; Si le montant est inf\u00e9rieur, le Client s\u2019engage \u00e0 r\u00e9gulariser la diff\u00e9rence d\u00e8s que le montant exact est connu.<\/span><\/p>\n                    <p>\n                      <br>\n                    <\/p>\n                    <p>&#8211; En cas de \u00e9cart important entre le montant vers\u00e9 et le co\u00fbt r\u00e9el des achats, je me r\u00e9serve le droit de :<\/p>\n                    <p>&nbsp;&#8211; Refuser la prestation, ou&nbsp;&nbsp;<\/p>\n                    <p>&nbsp;&#8211; Demander un nouveau versement dans un d\u00e9lai raisonnable avant de proc\u00e9der \u00e0 l\u2019achat.\n                      <br>\n                      <br>\n                    <\/p>\n                    <p>&#8211; Les frais de service sont fix\u00e9s \u00e0 15 $ par commande.<\/p>\n                    <p>\n                      <br>\n                    <\/p>\n                    <p>&#8211; Les frais de livraison sont calcul\u00e9s comme suit :<\/p>\n                    <p>&nbsp;Gratuits dans un rayon de 5 km autour de Saint-Gabriel&nbsp;&nbsp;<\/p>\n                    <p>&nbsp;0,72 $ par kilom\u00e8tre au-del\u00e0 de cette zone<\/p>\n                    <p>\n                      <br>\n                    <\/p>\n                  <\/div>\n                <\/div>\n              <\/div>\n            <\/div>\n          <\/div>\n        <\/div>\n      <\/div>\n      <div data-colibri-id=\"668-c3\" class=\"h-row-container gutters-row-lg-2 gutters-row-md-2 gutters-row-2 gutters-row-v-lg-2 gutters-row-v-md-2 gutters-row-v-2 style-713 style-local-668-c3 position-relative\">\n        <!---->\n        <div class=\"h-row justify-content-lg-center justify-content-md-center justify-content-center align-items-lg-stretch align-items-md-stretch align-items-stretch gutters-col-lg-2 gutters-col-md-2 gutters-col-2 gutters-col-v-lg-2 gutters-col-v-md-2 gutters-col-v-2\">\n          <!---->\n          <div class=\"h-column h-column-container d-flex h-col-lg-4 h-col-md-6 h-col-12 style-714-outer style-local-668-c4-outer\">\n            <div data-colibri-id=\"668-c4\" class=\"d-flex h-flex-basis h-column__inner h-px-lg-0 h-px-md-0 h-px-0 v-inner-lg-0 v-inner-md-0 v-inner-0 style-714 style-local-668-c4 position-relative\">\n              <!---->\n              <!---->\n              <div class=\"w-100 h-y-container h-column__content h-column__v-align flex-basis-100 align-self-lg-start align-self-md-start align-self-start\">\n                <!---->\n                <div data-colibri-id=\"668-c5\" class=\"d-block style-715 style-local-668-c5 position-relative h-element\">\n                  <!---->\n                  <div class=\"h-image__frame-container-outer\">\n                    <div class=\"h-image__frame-container\">\n                      <!---->\n                      <!---->\n                      <img loading=\"lazy\" decoding=\"async\" width=\"1024\" height=\"1024\" src=\"http:\/\/mimyetcompagnie.ca\/wp-content\/uploads\/2025\/08\/1000049715.png\" class=\"wp-image-100 style-715-image style-local-668-c5-image\" alt=\"\" srcset=\"https:\/\/mimyetcompagnie.ca\/wp-content\/uploads\/2025\/08\/1000049715.png 1024w, https:\/\/mimyetcompagnie.ca\/wp-content\/uploads\/2025\/08\/1000049715-300x300.png 300w, https:\/\/mimyetcompagnie.ca\/wp-content\/uploads\/2025\/08\/1000049715-150x150.png 150w, https:\/\/mimyetcompagnie.ca\/wp-content\/uploads\/2025\/08\/1000049715-768x768.png 768w\" sizes=\"auto, (max-width: 1024px) 100vw, 1024px\" \/>\n                      <div class=\"h-image__frame h-hide-lg h-hide-md h-hide-sm style-715-frameImage style-local-668-c5-frameImage\"><\/div>\n                    <\/div>\n                  <\/div>\n                <\/div>\n              <\/div>\n            <\/div>\n          <\/div>\n        <\/div>\n      <\/div>\n    <\/div>\n  <\/div>\n<\/div>","protected":false},"excerpt":{"rendered":"<p>Tarifs et Modalit\u00e9s de paiement Achat et livraison de produits pour animaux &#8212;&#8212;&#8212;&#8212;&#8212;&#8211; Tarifs Le Client verse un montant estim\u00e9 correspondant au co\u00fbt approximatif des achats.&nbsp;&nbsp; &nbsp;&#8211; Si le montant vers\u00e9 est sup\u00e9rieur au total r\u00e9el, je m\u2019engage \u00e0 rembourser le trop-per\u00e7u sur pr\u00e9sentation du re\u00e7u ou de la facture.&nbsp;&nbsp; &nbsp;&#8211; Si le montant est [&hellip;]<\/p>\n","protected":false},"author":1,"featured_media":0,"parent":0,"menu_order":0,"comment_status":"closed","ping_status":"closed","template":"page-templates\/full-width-page.php","meta":{"om_disable_all_campaigns":false,"_monsterinsights_skip_tracking":false,"_monsterinsights_sitenote_active":false,"_monsterinsights_sitenote_note":"","_monsterinsights_sitenote_category":0,"footnotes":""},"class_list":["post-668","page","type-page","status-publish","hentry"],"aioseo_notices":[],"_links":{"self":[{"href":"https:\/\/mimyetcompagnie.ca\/index.php?rest_route=\/wp\/v2\/pages\/668","targetHints":{"allow":["GET"]}}],"collection":[{"href":"https:\/\/mimyetcompagnie.ca\/index.php?rest_route=\/wp\/v2\/pages"}],"about":[{"href":"https:\/\/mimyetcompagnie.ca\/index.php?rest_route=\/wp\/v2\/types\/page"}],"author":[{"embeddable":true,"href":"https:\/\/mimyetcompagnie.ca\/index.php?rest_route=\/wp\/v2\/users\/1"}],"replies":[{"embeddable":true,"href":"https:\/\/mimyetcompagnie.ca\/index.php?rest_route=%2Fwp%2Fv2%2Fcomments&post=668"}],"version-history":[{"count":3,"href":"https:\/\/mimyetcompagnie.ca\/index.php?rest_route=\/wp\/v2\/pages\/668\/revisions"}],"predecessor-version":[{"id":1069,"href":"https:\/\/mimyetcompagnie.ca\/index.php?rest_route=\/wp\/v2\/pages\/668\/revisions\/1069"}],"wp:attachment":[{"href":"https:\/\/mimyetcompagnie.ca\/index.php?rest_route=%2Fwp%2Fv2%2Fmedia&parent=668"}],"curies":[{"name":"wp","href":"https:\/\/api.w.org\/{rel}","templated":true}]}}