{"id":670,"date":"2025-09-02T01:53:15","date_gmt":"2025-09-02T01:53:15","guid":{"rendered":"https:\/\/mimyetcompagnie.ca\/?page_id=670"},"modified":"2025-09-08T12:25:07","modified_gmt":"2025-09-08T12:25:07","slug":"tarifs-boite-de-noel","status":"publish","type":"page","link":"https:\/\/mimyetcompagnie.ca\/?page_id=670","title":{"rendered":"Tarifs Bo\u00eete de No\u00ebl"},"content":{"rendered":"<div data-colibri-id=\"670-c1\" class=\"style-746 style-local-670-c1 position-relative\">\n  <!---->\n  <div data-colibri-component=\"section\" data-colibri-id=\"670-c2\" id=\"features\" class=\"h-section h-section-global-spacing d-flex align-items-lg-center align-items-md-center align-items-center style-747 style-local-670-c2 position-relative\">\n    <!---->\n    <!---->\n    <div class=\"h-section-grid-container h-section-boxed-container\">\n      <div data-colibri-id=\"670-c6\" class=\"h-row-container gutters-row-lg-2 gutters-row-md-2 gutters-row-0 gutters-row-v-lg-2 gutters-row-v-md-2 gutters-row-v-2 style-757 style-local-670-c6 position-relative\">\n        <!---->\n        <div class=\"h-row justify-content-lg-center justify-content-md-center justify-content-center align-items-lg-stretch align-items-md-stretch align-items-stretch gutters-col-lg-2 gutters-col-md-2 gutters-col-0 gutters-col-v-lg-2 gutters-col-v-md-2 gutters-col-v-2\">\n          <!---->\n          <div class=\"h-column h-column-container d-flex h-col-lg-auto h-col-md-auto h-col-auto style-758-outer style-local-670-c7-outer\">\n            <div data-colibri-id=\"670-c7\" class=\"d-flex h-flex-basis h-column__inner h-px-lg-2 h-px-md-2 h-px-2 v-inner-lg-2 v-inner-md-2 v-inner-2 style-758 style-local-670-c7 position-relative\">\n              <!---->\n              <!---->\n              <div class=\"w-100 h-y-container h-column__content h-column__v-align flex-basis-100 align-self-lg-start align-self-md-start align-self-start\">\n                <!---->\n                <div data-colibri-id=\"670-c8\" class=\"h-global-transition-all h-heading style-759 style-local-670-c8 position-relative h-element\">\n                  <!---->\n                  <div class=\"h-heading__outer style-759 style-local-670-c8\">\n                    <!---->\n                    <!---->\n                    <h2 class=\"\">Tarifs et Modalit\u00e9s du service<\/h2>\n                  <\/div>\n                <\/div>\n                <div data-colibri-id=\"670-c9\" class=\"h-lead h-text h-text-component style-760 style-local-670-c9 position-relative h-element\">\n                  <!---->\n                  <!---->\n                  <div class=\"\">\n                    <p>Conditions G\u00e9n\u00e9rales de Vente \u2013 Bo\u00eetes de No\u00ebl pour animaux<\/p>\n                    <p>Mimy et Compagnie \u2013 Saint-Gabriel, QC<\/p>\n                    <p>\n                      <br>\n                    <\/p>\n                    <p>\n                      <br>\n                    <\/p>\n                    <p>1. Objet<\/p>\n                    <p>Les pr\u00e9sentes conditions g\u00e9n\u00e9rales r\u00e9gissent les ventes de bo\u00eetes de No\u00ebl pour animaux propos\u00e9es par Mimy et Compagnie, incluant tout produit ou accessoire contenu dans ces coffrets (friandises, jouets, soins, etc.).<\/p>\n                    <p>\n                      <br>\n                    <\/p>\n                    <p>&#8212;<\/p>\n                    <p>\n                      <br>\n                    <\/p>\n                    <p>2. Produits<\/p>\n                    <p>&#8211; Chaque bo\u00eete est pr\u00e9par\u00e9e avec soin et contient des articles adapt\u00e9s aux animaux (chiens et chats, lapins)<\/p>\n                    <p>&#8211; Les photos et descriptions sont indicatives : le contenu peut varier l\u00e9g\u00e8rement selon les stocks et les pr\u00e9f\u00e9rences indiqu\u00e9es par le client.&nbsp;&nbsp;<\/p>\n                    <p>&#8211; Tous les produits sont neufs, non p\u00e9rim\u00e9s, et s\u00e9lectionn\u00e9s pour leur qualit\u00e9.<\/p>\n                    <p>\n                      <br>\n                    <\/p>\n                    <p>&#8212;<\/p>\n                    <p>\n                      <br>\n                    <\/p>\n                    <p>3. Commande<\/p>\n                    <p>&#8211; Les commandes peuvent \u00eatre pass\u00e9es par message priv\u00e9, courriel, formulaire en ligne ou t\u00e9l\u00e9phone.&nbsp;&nbsp;<\/p>\n                    <p>&#8211; Toute commande est consid\u00e9r\u00e9e comme ferme une fois confirm\u00e9e par Mimy et Compagnie.&nbsp;&nbsp;<\/p>\n                    <p>&#8211; Le Client s\u2019engage \u00e0 fournir les informations n\u00e9cessaires (type d\u2019animal, pr\u00e9f\u00e9rences, allergies, etc.).\n                      <br>\n                      <br>&#8211; Commande ouverte du 1septembre au 1 d\u00e9cembre 2025 inclus\n                      <br>\n                      <br>\n                    <\/p>\n                    <p>&#8212;<\/p>\n                    <p>\n                      <br>\n                    <\/p>\n                    <p>4. Prix et paiement<\/p>\n                    <p>&#8211; Les prix indiqu\u00e9s incluent les taxes.<\/p>\n                    <p>&#8211; Le paiement est exig\u00e9 \u00e0 la commande<\/p>\n                    <p>&#8211; Modes de paiement accept\u00e9s : Interac ou argent comptant.\n                      <br>\n                      <br>Mini Boite &#8211; Petit Lutin : 20$\n                      <br>Boite Standard &#8211; Neige et Croquettes : 30$\n                      <br>Boite Premium &#8211; P\u00e8re No\u00ebl : 45$<\/p>\n                    <p>\n                      <br>\n                    <\/p>\n                    <p>&#8212;<\/p>\n                    <p>\n                      <br>\n                    <\/p>\n                    <p>5. Livraison<\/p>\n                    <p>&#8211; La livraison est assur\u00e9e par Mimy et Compagnie dans un rayon de 20 km autour de Saint-Gabriel.&nbsp;&nbsp;<\/p>\n                    <p>&#8211; Gratuit jusqu\u2019\u00e0 5 km, puis 0,72 $\/km au-del\u00e0.&nbsp;&nbsp;<\/p>\n                    <p>&#8211; Le Client s\u2019engage \u00e0 \u00eatre pr\u00e9sent ou \u00e0 fournir un lieu s\u00e9curis\u00e9 pour la r\u00e9ception.\n                      <br>\n                      <br>-Livraison offerte si un autre service et d\u00e9j\u00e0 pris sur la p\u00e9riode\n                      <br>\n                      <br>-Livraison le 21 d\u00e9cembre 2025 ou lors d&#8217;un service d\u00e9j\u00e0 pris<\/p>\n                    <p>\n                      <br>\n                    <\/p>\n                    <p>\n                      <br>\n                    <\/p>\n                    <p>6. Retours et remboursements<\/p>\n                    <p>&#8211; Les bo\u00eetes \u00e9tant personnalis\u00e9es et p\u00e9rissables, aucun retour ou \u00e9change n\u2019est accept\u00e9.&nbsp;&nbsp;<\/p>\n                    <p>&#8211; Toute r\u00e9clamation doit \u00eatre faite dans les 48 heures suivant la livraison, avec photo \u00e0 l\u2019appui.&nbsp;&nbsp;<\/p>\n                    <p>&#8211; En cas de litige, un remboursement partiel ou total pourra \u00eatre propos\u00e9 selon la situation.<\/p>\n                    <p>\n                      <br>\n                    <\/p>\n                    <p>&#8212;<\/p>\n                    <p>\n                      <br>\n                    <\/p>\n                    <p>7. Responsabilit\u00e9<\/p>\n                    <p>&#8211; Mimy et Compagnie ne pourra \u00eatre tenue responsable des r\u00e9actions allergiques ou incidents li\u00e9s \u00e0 une mauvaise utilisation des produits.&nbsp;&nbsp;<\/p>\n                    <p>&#8211; Le Client est responsable de v\u00e9rifier la compatibilit\u00e9 des produits avec son animal.<\/p>\n                    <p>\n                      <br>\n                    <\/p>\n                    <p>&#8212;<\/p>\n                    <p>\n                      <br>\n                    <\/p>\n                    <p>8. Droit applicable<\/p>\n                    <p>Les pr\u00e9sentes CGV sont r\u00e9gies par les lois en vigueur au Qu\u00e9bec.&nbsp;&nbsp;<\/p>\n                    <p>Tout litige sera soumis aux tribunaux comp\u00e9tents du district de Saint-Gabriel.<\/p>\n                    <p>\n                      <br>\n                    <\/p>\n                    <p>&#8212;<\/p>\n                    <p>\n                      <br>\n                    <\/p>\n                    <p>9. Acceptation<\/p>\n                    <p>La validation de la commande implique l\u2019acceptation pleine et enti\u00e8re des pr\u00e9sentes conditions g\u00e9n\u00e9rales de vente.<\/p>\n                    <p>\n                      <br>\n                    <\/p>\n                  <\/div>\n                <\/div>\n              <\/div>\n            <\/div>\n          <\/div>\n        <\/div>\n      <\/div>\n      <div data-colibri-id=\"670-c3\" class=\"h-row-container gutters-row-lg-2 gutters-row-md-2 gutters-row-2 gutters-row-v-lg-2 gutters-row-v-md-2 gutters-row-v-2 style-748 style-local-670-c3 position-relative\">\n        <!---->\n        <div class=\"h-row justify-content-lg-center justify-content-md-center justify-content-center align-items-lg-stretch align-items-md-stretch align-items-stretch gutters-col-lg-2 gutters-col-md-2 gutters-col-2 gutters-col-v-lg-2 gutters-col-v-md-2 gutters-col-v-2\">\n          <!---->\n          <div class=\"h-column h-column-container d-flex h-col-lg-4 h-col-md-6 h-col-12 style-749-outer style-local-670-c4-outer\">\n            <div data-colibri-id=\"670-c4\" class=\"d-flex h-flex-basis h-column__inner h-px-lg-0 h-px-md-0 h-px-0 v-inner-lg-0 v-inner-md-0 v-inner-0 style-749 style-local-670-c4 position-relative\">\n              <!---->\n              <!---->\n              <div class=\"w-100 h-y-container h-column__content h-column__v-align flex-basis-100 align-self-lg-start align-self-md-start align-self-start\">\n                <!---->\n                <div data-colibri-id=\"670-c5\" class=\"d-block style-750 style-local-670-c5 position-relative h-element\">\n                  <!---->\n                  <div class=\"h-image__frame-container-outer\">\n                    <div class=\"h-image__frame-container\">\n                      <!---->\n                      <!---->\n                      <img loading=\"lazy\" decoding=\"async\" width=\"1024\" height=\"1024\" src=\"http:\/\/mimyetcompagnie.ca\/wp-content\/uploads\/2025\/09\/1000049738.png\" class=\"wp-image-281 style-750-image style-local-670-c5-image\" alt=\"\" srcset=\"https:\/\/mimyetcompagnie.ca\/wp-content\/uploads\/2025\/09\/1000049738.png 1024w, https:\/\/mimyetcompagnie.ca\/wp-content\/uploads\/2025\/09\/1000049738-300x300.png 300w, https:\/\/mimyetcompagnie.ca\/wp-content\/uploads\/2025\/09\/1000049738-150x150.png 150w, https:\/\/mimyetcompagnie.ca\/wp-content\/uploads\/2025\/09\/1000049738-768x768.png 768w\" sizes=\"auto, (max-width: 1024px) 100vw, 1024px\" \/>\n                      <div class=\"h-image__frame h-hide-lg h-hide-md h-hide-sm style-750-frameImage style-local-670-c5-frameImage\"><\/div>\n                    <\/div>\n                  <\/div>\n                <\/div>\n              <\/div>\n            <\/div>\n          <\/div>\n        <\/div>\n      <\/div>\n    <\/div>\n  <\/div>\n<\/div>","protected":false},"excerpt":{"rendered":"<p>Tarifs et Modalit\u00e9s du service Conditions G\u00e9n\u00e9rales de Vente \u2013 Bo\u00eetes de No\u00ebl pour animaux Mimy et Compagnie \u2013 Saint-Gabriel, QC 1. Objet Les pr\u00e9sentes conditions g\u00e9n\u00e9rales r\u00e9gissent les ventes de bo\u00eetes de No\u00ebl pour animaux propos\u00e9es par Mimy et Compagnie, incluant tout produit ou accessoire contenu dans ces coffrets (friandises, jouets, soins, etc.). &#8212; [&hellip;]<\/p>\n","protected":false},"author":1,"featured_media":0,"parent":0,"menu_order":0,"comment_status":"closed","ping_status":"closed","template":"page-templates\/full-width-page.php","meta":{"om_disable_all_campaigns":false,"_monsterinsights_skip_tracking":false,"_monsterinsights_sitenote_active":false,"_monsterinsights_sitenote_note":"","_monsterinsights_sitenote_category":0,"footnotes":""},"class_list":["post-670","page","type-page","status-publish","hentry"],"aioseo_notices":[],"_links":{"self":[{"href":"https:\/\/mimyetcompagnie.ca\/index.php?rest_route=\/wp\/v2\/pages\/670","targetHints":{"allow":["GET"]}}],"collection":[{"href":"https:\/\/mimyetcompagnie.ca\/index.php?rest_route=\/wp\/v2\/pages"}],"about":[{"href":"https:\/\/mimyetcompagnie.ca\/index.php?rest_route=\/wp\/v2\/types\/page"}],"author":[{"embeddable":true,"href":"https:\/\/mimyetcompagnie.ca\/index.php?rest_route=\/wp\/v2\/users\/1"}],"replies":[{"embeddable":true,"href":"https:\/\/mimyetcompagnie.ca\/index.php?rest_route=%2Fwp%2Fv2%2Fcomments&post=670"}],"version-history":[{"count":10,"href":"https:\/\/mimyetcompagnie.ca\/index.php?rest_route=\/wp\/v2\/pages\/670\/revisions"}],"predecessor-version":[{"id":1211,"href":"https:\/\/mimyetcompagnie.ca\/index.php?rest_route=\/wp\/v2\/pages\/670\/revisions\/1211"}],"wp:attachment":[{"href":"https:\/\/mimyetcompagnie.ca\/index.php?rest_route=%2Fwp%2Fv2%2Fmedia&parent=670"}],"curies":[{"name":"wp","href":"https:\/\/api.w.org\/{rel}","templated":true}]}}